{"id":2042,"date":"2023-07-31T14:54:48","date_gmt":"2023-07-31T19:54:48","guid":{"rendered":"https:\/\/bluepeninsulaaba.com\/?page_id=2042"},"modified":"2025-10-29T10:14:12","modified_gmt":"2025-10-29T15:14:12","slug":"como-empezar","status":"publish","type":"page","link":"https:\/\/bluepeninsulaaba.com\/en\/como-empezar\/","title":{"rendered":"How to get started?"},"content":{"rendered":"<div class=\"wp-block-uagb-container uagb-block-955013f7 alignfull uagb-is-root-container\"><div class=\"uagb-container-inner-blocks-wrap\">\n<div class=\"wp-block-uagb-advanced-heading uagb-block-2337a7ff\"><h2 class=\"uagb-heading-text\"><em>We take care of everything<\/em><\/h2><\/div>\n<\/div><\/div>\n\n\n\n<div class=\"wp-block-uagb-container uagb-block-7d699855 alignfull uagb-is-root-container\"><div class=\"uagb-container-inner-blocks-wrap\">\n<div class=\"wp-block-uagb-advanced-heading uagb-block-00cb69f7\"><h6 class=\"uagb-heading-text\">We make it easy<\/h6><\/div>\n\n\n\n<div class=\"wp-block-uagb-advanced-heading uagb-block-6cc79a32\"><h2 class=\"uagb-heading-text\">How to get started with ABA services?<\/h2><div class=\"uagb-separator\"><\/div><\/div>\n\n\n\n<div class=\"wp-block-uagb-buttons uagb-buttons__outer-wrap uagb-btn__default-btn uagb-btn-tablet__default-btn uagb-btn-mobile__default-btn uagb-block-89aac391\"><div class=\"uagb-buttons__wrap uagb-buttons-layout-wrap\">\n<div class=\"wp-block-uagb-buttons-child uagb-buttons__outer-wrap uagb-block-517f2ade wp-block-button\"><div class=\"uagb-button__wrapper\"><a class=\"uagb-buttons-repeater wp-block-button__link\" aria-label=\"\" href=\"https:\/\/bluepeninsulaaba.com\/en\/aba-services\/\" rel=\"follow noopener\" target=\"_self\" role=\"button\"><div class=\"uagb-button__link\">Services<\/div><span class=\"uagb-button__icon uagb-button__icon-position-after\"><svg xmlns=\"https:\/\/www.w3.org\/2000\/svg\" viewbox=\"0 0 256 512\" aria-hidden=\"true\" focussable=\"false\"><path d=\"M64 448c-8.188 0-16.38-3.125-22.62-9.375c-12.5-12.5-12.5-32.75 0-45.25L178.8 256L41.38 118.6c-12.5-12.5-12.5-32.75 0-45.25s32.75-12.5 45.25 0l160 160c12.5 12.5 12.5 32.75 0 45.25l-160 160C80.38 444.9 72.19 448 64 448z\"><\/path><\/svg><\/span><\/a><\/div><\/div>\n<\/div><\/div>\n\n\n\n<div class=\"wp-block-uagb-container uagb-block-a6b33445\">\n<div class=\"wp-block-uagb-container uagb-block-bcd5bfc1\">\n<div class=\"wp-block-uagb-container uagb-block-060940a1\">\n<div class=\"wp-block-uagb-advanced-heading uagb-block-f2ff168f\"><h6 class=\"uagb-heading-text\">Step \/ 01<\/h6><\/div>\n\n\n\n<div class=\"wp-block-uagb-advanced-heading uagb-block-12ff6fbf\"><h3 class=\"uagb-heading-text\">Gathering of information and request for authorization.<\/h3><\/div>\n<\/div>\n\n\n\n<div class=\"wp-block-uagb-container uagb-block-66ae55ed\">\n<div class=\"wp-block-uagb-advanced-heading uagb-block-563a0bd2\"><p class=\"uagb-heading-text\">Once you decide to start the services, our team will guide you and assist in collecting the necessary information to start the process&nbsp;<strong>(Medical necessity letter, referrals, diagnostic information, among others)<\/strong>&nbsp;and contact your health insurer to obtain authorization for the initial evaluation.<\/p><\/div>\n<\/div>\n<\/div>\n\n\n\n<div class=\"wp-block-uagb-container uagb-block-8c21e009\">\n<div class=\"wp-block-uagb-container uagb-block-1cab6ea1\">\n<div class=\"wp-block-uagb-advanced-heading uagb-block-8f49d84c\"><h6 class=\"uagb-heading-text\">Step \/ 02<\/h6><\/div>\n\n\n\n<div class=\"wp-block-uagb-advanced-heading uagb-block-80abcb88\"><h3 class=\"uagb-heading-text\">Initial assessment to develop a treatment plan.<\/h3><\/div>\n<\/div>\n\n\n\n<div class=\"wp-block-uagb-container uagb-block-64dd522a\">\n<p class=\"\">The assessment is conducted by a&nbsp;<strong>Behavior Analysts&nbsp;<\/strong>Depending on the child and other circumstances, the evaluation will consist of 3\u20135 hours, over multiple sessions. The assessment will consist of parent interviews, observations of the child\u2019s behavior, and testing of a variety of skills.<\/p>\n<\/div>\n<\/div>\n\n\n\n<div class=\"wp-block-uagb-container uagb-block-7d744f6e\">\n<div class=\"wp-block-uagb-container uagb-block-e5a2be4e\">\n<div class=\"wp-block-uagb-advanced-heading uagb-block-5cb94b0f\"><h6 class=\"uagb-heading-text\">Step \/03<\/h6><\/div>\n\n\n\n<div class=\"wp-block-uagb-advanced-heading uagb-block-10685575\"><h3 class=\"uagb-heading-text\">Authorization of services and continuity.<\/h3><\/div>\n<\/div>\n\n\n\n<div class=\"wp-block-uagb-container uagb-block-ad287559\">\n<p class=\"\">The&nbsp;<strong>Behavior Analysts<\/strong>&nbsp;will schedule a meeting with you to review the results of the evaluation and your child's clinically recommended therapy hours per week. The assessment will then be sent to your insurance company for authorization and initiation of services. Once your insurance approves and authorizes the number of hours, services can begin.<\/p>\n\n\n\n<p class=\"\">This process is performed every 6 months and includes a progress report and current treatment needs.<\/p>\n\n\n\n<p class=\"\">Parents are always involved and informed of every step we take.<\/p>\n<\/div>\n<\/div>\n<\/div>\n<\/div><\/div>\n\n\n\n<div class=\"wp-block-uagb-container uagb-block-6c3a1c9e alignfull uagb-is-root-container\"><div class=\"uagb-container-inner-blocks-wrap\">\n<div class=\"wp-block-uagb-container uagb-block-1f250f71\">\n<div class=\"wp-block-uagb-container uagb-block-527765a3\">\n<div class=\"wp-block-uagb-advanced-heading uagb-block-c3c32216\"><h3 class=\"uagb-heading-text\">Accepted Insurance<\/h3><div class=\"uagb-separator\"><\/div><\/div>\n\n\n\n<div class=\"wp-block-uagb-advanced-heading uagb-block-8bf253c6\"><p class=\"uagb-heading-text\">We're pleased to share that we accept most insurance plans to make it easier for you to access the help your loved ones need.<\/p><\/div>\n\n\n\n<div class=\"wp-block-uagb-advanced-heading uagb-block-5ec1e33b\"><p class=\"uagb-heading-text\"><a href=\"https:\/\/bluepeninsulaaba.com\/en\/contact\/\"><strong>Contact Us<\/strong><\/a>&nbsp;and we will be happy to help you.<\/p><\/div>\n<\/div>\n\n\n\n<div class=\"wp-block-uagb-container uagb-block-8a8078b3\"><\/div>\n<\/div>\n<\/div><\/div>\n\n\n\n<div class=\"wp-block-uagb-container uagb-block-7f77e2d9 alignfull uagb-is-root-container\"><div class=\"uagb-container-inner-blocks-wrap\">\n<div class=\"wp-block-uagb-container uagb-block-bd9edf00\">\n<div class=\"wp-block-uagb-advanced-heading uagb-block-c0b7a6c2\"><h6 class=\"uagb-heading-text\">Are you interested?<\/h6><\/div>\n\n\n\n<div class=\"wp-block-uagb-advanced-heading uagb-block-c5838b94\"><h5 class=\"uagb-heading-text\"><em>Contact us and we will take the next step together.<\/em><\/h5><\/div>\n\n\n\n<div class=\"wp-block-uagb-buttons uagb-buttons__outer-wrap uagb-btn__default-btn uagb-btn-tablet__default-btn uagb-btn-mobile__default-btn uagb-block-105c3dc0\"><div class=\"uagb-buttons__wrap uagb-buttons-layout-wrap\">\n<div class=\"wp-block-uagb-buttons-child uagb-buttons__outer-wrap uagb-block-cef53de1 wp-block-button\"><div class=\"uagb-button__wrapper\"><a class=\"uagb-buttons-repeater wp-block-button__link\" aria-label=\"\" href=\"https:\/\/bluepeninsulaaba.com\/en\/contact\/\" rel=\"follow noopener\" target=\"_self\" role=\"button\"><div class=\"uagb-button__link\">Contact Us<\/div><span class=\"uagb-button__icon uagb-button__icon-position-after\"><svg xmlns=\"https:\/\/www.w3.org\/2000\/svg\" viewbox=\"0 0 256 512\" aria-hidden=\"true\" focussable=\"false\"><path d=\"M64 448c-8.188 0-16.38-3.125-22.62-9.375c-12.5-12.5-12.5-32.75 0-45.25L178.8 256L41.38 118.6c-12.5-12.5-12.5-32.75 0-45.25s32.75-12.5 45.25 0l160 160c12.5 12.5 12.5 32.75 0 45.25l-160 160C80.38 444.9 72.19 448 64 448z\"><\/path><\/svg><\/span><\/a><\/div><\/div>\n<\/div><\/div>\n<\/div>\n\n\n\n<div class=\"wp-block-uagb-container uagb-block-1d29e553\">\n<div class=\"wp-block-uagb-advanced-heading uagb-block-25b8a958\"><h6 class=\"uagb-heading-text\">Phones:<\/h6><\/div>\n\n\n\n<div class=\"wp-block-uagb-advanced-heading uagb-block-791d5aaa\"><h5 class=\"uagb-heading-text\">813-353-0706<\/h5><\/div>\n\n\n\n<div class=\"wp-block-uagb-advanced-heading uagb-block-a6e30560\"><h5 class=\"uagb-heading-text\">813-654-8707<\/h5><\/div>\n\n\n\n<div class=\"wp-block-uagb-advanced-heading uagb-block-de7e006e\"><h6 class=\"uagb-heading-text\">Fax:<\/h6><\/div>\n\n\n\n<div class=\"wp-block-uagb-advanced-heading uagb-block-f7bb332d\"><h5 class=\"uagb-heading-text\">813-640-2153<\/h5><\/div>\n<\/div>\n\n\n\n<div class=\"wp-block-uagb-container uagb-block-b4a696d0\">\n<div class=\"wp-block-uagb-advanced-heading uagb-block-bbe33143\"><h6 class=\"uagb-heading-text\">Location<\/h6><\/div>\n\n\n\n<div class=\"wp-block-uagb-advanced-heading uagb-block-1637b05e\"><h5 class=\"uagb-heading-text\">4730 N Habana Ave, Suite 303 Tampa, Fl. 33614.<\/h5><\/div>\n\n\n\n<div class=\"wp-block-uagb-social-share uagb-social-share__outer-wrap uagb-social-share__layout-horizontal uagb-block-943497a7\">\n<div class=\"wp-block-uagb-social-share-child uagb-ss-repeater uagb-ss__wrapper uagb-block-d3a250aa\"><span class=\"uagb-ss__link\" data-href=\"https:\/\/www.facebook.com\/sharer.php?u=\" tabindex=\"0\" role=\"button\" aria-label=\"facebook\"><span class=\"uagb-ss__source-wrap\"><span class=\"uagb-ss__source-icon\"><svg xmlns=\"https:\/\/www.w3.org\/2000\/svg\" viewbox=\"0 0 512 512\"><path d=\"M504 256C504 119 393 8 256 8S8 119 8 256c0 123.8 90.69 226.4 209.3 245V327.7h-63V256h63v-54.64c0-62.15 37-96.48 93.67-96.48 27.14 0 55.52 4.84 55.52 4.84v61h-31.28c-30.8 0-40.41 19.12-40.41 38.73V256h68.78l-11 71.69h-57.78V501C413.3 482.4 504 379.8 504 256z\"><\/path><\/svg><\/span><\/span><\/span><\/div>\n\n\n\n<div class=\"wp-block-uagb-social-share-child uagb-ss-repeater uagb-ss__wrapper uagb-block-ca677dbf\"><span class=\"uagb-ss__link\" data-href=\"https:\/\/twitter.com\/share?url=\" tabindex=\"0\" role=\"button\" aria-label=\"twitter\"><span class=\"uagb-ss__source-wrap\"><span class=\"uagb-ss__source-icon\"><svg xmlns=\"https:\/\/www.w3.org\/2000\/svg\" viewbox=\"0 0 448 512\"><path d=\"M400 32H48C21.5 32 0 53.5 0 80v352c0 26.5 21.5 48 48 48h352c26.5 0 48-21.5 48-48V80c0-26.5-21.5-48-48-48zm-48.9 158.8c.2 2.8 .2 5.7 .2 8.5 0 86.7-66 186.6-186.6 186.6-37.2 0-71.7-10.8-100.7-29.4 5.3 .6 10.4 .8 15.8 .8 30.7 0 58.9-10.4 81.4-28-28.8-.6-53-19.5-61.3-45.5 10.1 1.5 19.2 1.5 29.6-1.2-30-6.1-52.5-32.5-52.5-64.4v-.8c8.7 4.9 18.9 7.9 29.6 8.3a65.45 65.45 0 0 1 -29.2-54.6c0-12.2 3.2-23.4 8.9-33.1 32.3 39.8 80.8 65.8 135.2 68.6-9.3-44.5 24-80.6 64-80.6 18.9 0 35.9 7.9 47.9 20.7 14.8-2.8 29-8.3 41.6-15.8-4.9 15.2-15.2 28-28.8 36.1 13.2-1.4 26-5.1 37.8-10.2-8.9 13.1-20.1 24.7-32.9 34z\"><\/path><\/svg><\/span><\/span><\/span><\/div>\n\n\n\n<div class=\"wp-block-uagb-social-share-child uagb-ss-repeater uagb-ss__wrapper uagb-block-c299d0da\"><span class=\"uagb-ss__link\" data-href=\"https:\/\/www.linkedin.com\/shareArticle?url=\" tabindex=\"0\" role=\"button\" aria-label=\"linkedin\"><span class=\"uagb-ss__source-wrap\"><span class=\"uagb-ss__source-icon\"><svg xmlns=\"https:\/\/www.w3.org\/2000\/svg\" viewbox=\"0 0 448 512\"><path d=\"M416 32H31.9C14.3 32 0 46.5 0 64.3v383.4C0 465.5 14.3 480 31.9 480H416c17.6 0 32-14.5 32-32.3V64.3c0-17.8-14.4-32.3-32-32.3zM135.4 416H69V202.2h66.5V416zm-33.2-243c-21.3 0-38.5-17.3-38.5-38.5S80.9 96 102.2 96c21.2 0 38.5 17.3 38.5 38.5 0 21.3-17.2 38.5-38.5 38.5zm282.1 243h-66.4V312c0-24.8-.5-56.7-34.5-56.7-34.6 0-39.9 27-39.9 54.9V416h-66.4V202.2h63.7v29.2h.9c8.9-16.8 30.6-34.5 62.9-34.5 67.2 0 79.7 44.3 79.7 101.9V416z\"><\/path><\/svg><\/span><\/span><\/span><\/div>\n<\/div>\n<\/div>\n<\/div><\/div>\n\n\n\n<div class=\"wp-block-uagb-container uagb-block-ca53376b alignfull uagb-is-root-container\"><div class=\"uagb-container-inner-blocks-wrap\">\t\t\t<div \n\t\t\tclass=\"wp-block-uagb-google-map uagb-google-map__wrap uagb-block-0d024e46     wp-block-uagb-google-map uagb-google-map__wrap uagb-block-0e7aae68\"\n\t\t\tstyle=\"\" >\n\t\t\t\t<embed\n\t\t\t\t\tclass=\"uagb-google-map__iframe\"\n\t\t\t\t\ttitle=\"Google Map for \"\n\t\t\t\t\tsrc=\"https:\/\/maps.google.com\/maps?q=4730%20N%20Habana%20Ave%2C%20Suite%20303%20Tampa%2C%20Fl.%2033614&#038;z=12&#038;hl=en&#038;t=m&#038;output=embed&#038;iwloc=near\"\n\t\t\t\t\twidth=\"640\"\n\t\t\t\t\theight=\"300\"\n\t\t\t\t\tloading=\"lazy\"\n\t\t\t\t><\/embed>\n\t\t\t<\/div>\n\t\t\t<\/div><\/div>","protected":false},"excerpt":{"rendered":"<p>Nos encargamos de todo Se lo hacemos f\u00e1cil \u00bfComo Empezar con los servicios de ABA? Paso \/ 01 Recopilaci\u00f3n de informaci\u00f3n y solicitud de autorizaci\u00f3n. Una vez que decida iniciar los servicios, nuestro equipo lo guiar\u00e1 y asistir\u00e1 en la recopilaci\u00f3n de la informaci\u00f3n necesaria para iniciar el proceso&nbsp;(Carta de necesidad m\u00e9dica, referidos, informaci\u00f3n de [&hellip;]<\/p>\n","protected":false},"author":2,"featured_media":0,"parent":0,"menu_order":0,"comment_status":"closed","ping_status":"closed","template":"","meta":{"nf_dc_page":"","_uag_custom_page_level_css":"","site-sidebar-layout":"default","site-content-layout":"plain-container","ast-site-content-layout":"normal-width-container","site-content-style":"unboxed","site-sidebar-style":"unboxed","ast-global-header-display":"","ast-banner-title-visibility":"","ast-main-header-display":"","ast-hfb-above-header-display":"","ast-hfb-below-header-display":"","ast-hfb-mobile-header-display":"","site-post-title":"disabled","ast-breadcrumbs-content":"","ast-featured-img":"","footer-sml-layout":"","ast-disable-related-posts":"","theme-transparent-header-meta":"enabled","adv-header-id-meta":"","stick-header-meta":"","header-above-stick-meta":"","header-main-stick-meta":"","header-below-stick-meta":"","astra-migrate-meta-layouts":"set","ast-page-background-enabled":"default","ast-page-background-meta":{"desktop":{"background-color":"","background-image":"","background-repeat":"repeat","background-position":"center center","background-size":"auto","background-attachment":"scroll","background-type":"","background-media":"","overlay-type":"","overlay-color":"","overlay-opacity":"","overlay-gradient":""},"tablet":{"background-color":"","background-image":"","background-repeat":"repeat","background-position":"center center","background-size":"auto","background-attachment":"scroll","background-type":"","background-media":"","overlay-type":"","overlay-color":"","overlay-opacity":"","overlay-gradient":""},"mobile":{"background-color":"","background-image":"","background-repeat":"repeat","background-position":"center center","background-size":"auto","background-attachment":"scroll","background-type":"","background-media":"","overlay-type":"","overlay-color":"","overlay-opacity":"","overlay-gradient":""}},"ast-content-background-meta":{"desktop":{"background-color":"var(--ast-global-color-5)","background-image":"","background-repeat":"repeat","background-position":"center center","background-size":"auto","background-attachment":"scroll","background-type":"","background-media":"","overlay-type":"","overlay-color":"","overlay-opacity":"","overlay-gradient":""},"tablet":{"background-color":"var(--ast-global-color-5)","background-image":"","background-repeat":"repeat","background-position":"center center","background-size":"auto","background-attachment":"scroll","background-type":"","background-media":"","overlay-type":"","overlay-color":"","overlay-opacity":"","overlay-gradient":""},"mobile":{"background-color":"var(--ast-global-color-5)","background-image":"","background-repeat":"repeat","background-position":"center center","background-size":"auto","background-attachment":"scroll","background-type":"","background-media":"","overlay-type":"","overlay-color":"","overlay-opacity":"","overlay-gradient":""}},"footnotes":""},"class_list":["post-2042","page","type-page","status-publish","hentry"],"uagb_featured_image_src":{"full":false,"thumbnail":false,"medium":false,"medium_large":false,"large":false,"1536x1536":false,"2048x2048":false,"trp-custom-language-flag":false},"uagb_author_info":{"display_name":"WebMaster","author_link":"https:\/\/bluepeninsulaaba.com\/en\/author\/adailsm\/"},"uagb_comment_info":0,"uagb_excerpt":"Nos encargamos de todo Se lo hacemos f\u00e1cil \u00bfComo Empezar con los servicios de ABA? Paso \/ 01 Recopilaci\u00f3n de informaci\u00f3n y solicitud de autorizaci\u00f3n. Una vez que decida iniciar los servicios, nuestro equipo lo guiar\u00e1 y asistir\u00e1 en la recopilaci\u00f3n de la informaci\u00f3n necesaria para iniciar el proceso&nbsp;(Carta de necesidad m\u00e9dica, referidos, informaci\u00f3n de&hellip;","_links":{"self":[{"href":"https:\/\/bluepeninsulaaba.com\/en\/wp-json\/wp\/v2\/pages\/2042","targetHints":{"allow":["GET"]}}],"collection":[{"href":"https:\/\/bluepeninsulaaba.com\/en\/wp-json\/wp\/v2\/pages"}],"about":[{"href":"https:\/\/bluepeninsulaaba.com\/en\/wp-json\/wp\/v2\/types\/page"}],"author":[{"embeddable":true,"href":"https:\/\/bluepeninsulaaba.com\/en\/wp-json\/wp\/v2\/users\/2"}],"replies":[{"embeddable":true,"href":"https:\/\/bluepeninsulaaba.com\/en\/wp-json\/wp\/v2\/comments?post=2042"}],"version-history":[{"count":38,"href":"https:\/\/bluepeninsulaaba.com\/en\/wp-json\/wp\/v2\/pages\/2042\/revisions"}],"predecessor-version":[{"id":4579,"href":"https:\/\/bluepeninsulaaba.com\/en\/wp-json\/wp\/v2\/pages\/2042\/revisions\/4579"}],"wp:attachment":[{"href":"https:\/\/bluepeninsulaaba.com\/en\/wp-json\/wp\/v2\/media?parent=2042"}],"curies":[{"name":"wp","href":"https:\/\/api.w.org\/{rel}","templated":true}]}}