{"id":2156,"date":"2023-08-11T13:27:37","date_gmt":"2023-08-11T18:27:37","guid":{"rendered":"https:\/\/bluepeninsulaaba.com\/?page_id=2156"},"modified":"2025-10-20T14:14:26","modified_gmt":"2025-10-20T19:14:26","slug":"precision-y-traducciones","status":"publish","type":"page","link":"https:\/\/bluepeninsulaaba.com\/en\/precision-y-traducciones\/","title":{"rendered":"Precisi\u00f3n y Traducciones"},"content":{"rendered":"<div class=\"wp-block-uagb-container uagb-block-955013f7 alignfull uagb-is-root-container\"><div class=\"uagb-container-inner-blocks-wrap\">\n<div class=\"wp-block-uagb-advanced-heading uagb-block-2337a7ff\"><h2 class=\"uagb-heading-text\"><em>Website Policies<\/em><\/h2><\/div>\n<\/div><\/div>\n\n\n\n<div class=\"wp-block-uagb-container uagb-block-95aff8d8 alignfull uagb-is-root-container\"><div class=\"uagb-container-inner-blocks-wrap\">\n<div class=\"wp-block-uagb-advanced-heading uagb-block-10c2be75\"><h2 class=\"uagb-heading-text\">Information Accuracy and Translation<\/h2><\/div>\n\n\n\n<div class=\"wp-block-uagb-advanced-heading uagb-block-1cd26025\"><p class=\"uagb-heading-text\">At <a href=\"https:\/\/bluepeninsulaaba.com\/en\/\" data-type=\"page\" data-id=\"4036\"><strong>Blue Peninsula ABA<\/strong><\/a> we provide information online for the convenience of the public. Although we try to keep our information online in a timely and accurate manner, there may be a delay in updating our website after changes to laws occur.<\/p><\/div>\n\n\n\n<div class=\"wp-block-uagb-advanced-heading uagb-block-4fb6eb2f\"><p class=\"uagb-heading-text\">We translate our materials into other languages to help people with limited English skills. If there are differences between the English version and the foreign language version, the English version is the official version.<\/p><\/div>\n<\/div><\/div>\n\n\n\n<p class=\"\"><\/p>","protected":false},"excerpt":{"rendered":"<p>Pol\u00edticas del Sitio Web Precisi\u00f3n de la informaci\u00f3n y Traducci\u00f3n En Blue Peninsula ABA proporcionamos informaci\u00f3n en l\u00ednea para conveniencia del p\u00fablico. Aunque tratamos de mantener nuestra informaci\u00f3n en l\u00ednea de manera oportuna y precisa, podr\u00eda existir una demora en la actualizaci\u00f3n de nuestro sitio web despu\u00e9s de que ocurran cambios a las leyes. Traducimos [&hellip;]<\/p>\n","protected":false},"author":2,"featured_media":0,"parent":0,"menu_order":0,"comment_status":"closed","ping_status":"closed","template":"","meta":{"nf_dc_page":"","_uag_custom_page_level_css":"","site-sidebar-layout":"default","site-content-layout":"plain-container","ast-site-content-layout":"normal-width-container","site-content-style":"unboxed","site-sidebar-style":"unboxed","ast-global-header-display":"","ast-banner-title-visibility":"","ast-main-header-display":"","ast-hfb-above-header-display":"","ast-hfb-below-header-display":"","ast-hfb-mobile-header-display":"","site-post-title":"disabled","ast-breadcrumbs-content":"","ast-featured-img":"","footer-sml-layout":"","ast-disable-related-posts":"","theme-transparent-header-meta":"enabled","adv-header-id-meta":"","stick-header-meta":"","header-above-stick-meta":"","header-main-stick-meta":"","header-below-stick-meta":"","astra-migrate-meta-layouts":"set","ast-page-background-enabled":"default","ast-page-background-meta":{"desktop":{"background-color":"","background-image":"","background-repeat":"repeat","background-position":"center center","background-size":"auto","background-attachment":"scroll","background-type":"","background-media":"","overlay-type":"","overlay-color":"","overlay-opacity":"","overlay-gradient":""},"tablet":{"background-color":"","background-image":"","background-repeat":"repeat","background-position":"center center","background-size":"auto","background-attachment":"scroll","background-type":"","background-media":"","overlay-type":"","overlay-color":"","overlay-opacity":"","overlay-gradient":""},"mobile":{"background-color":"","background-image":"","background-repeat":"repeat","background-position":"center center","background-size":"auto","background-attachment":"scroll","background-type":"","background-media":"","overlay-type":"","overlay-color":"","overlay-opacity":"","overlay-gradient":""}},"ast-content-background-meta":{"desktop":{"background-color":"var(--ast-global-color-5)","background-image":"","background-repeat":"repeat","background-position":"center center","background-size":"auto","background-attachment":"scroll","background-type":"","background-media":"","overlay-type":"","overlay-color":"","overlay-opacity":"","overlay-gradient":""},"tablet":{"background-color":"var(--ast-global-color-5)","background-image":"","background-repeat":"repeat","background-position":"center center","background-size":"auto","background-attachment":"scroll","background-type":"","background-media":"","overlay-type":"","overlay-color":"","overlay-opacity":"","overlay-gradient":""},"mobile":{"background-color":"var(--ast-global-color-5)","background-image":"","background-repeat":"repeat","background-position":"center center","background-size":"auto","background-attachment":"scroll","background-type":"","background-media":"","overlay-type":"","overlay-color":"","overlay-opacity":"","overlay-gradient":""}},"footnotes":""},"class_list":["post-2156","page","type-page","status-publish","hentry"],"uagb_featured_image_src":{"full":false,"thumbnail":false,"medium":false,"medium_large":false,"large":false,"1536x1536":false,"2048x2048":false,"trp-custom-language-flag":false},"uagb_author_info":{"display_name":"WebMaster","author_link":"https:\/\/bluepeninsulaaba.com\/en\/author\/adailsm\/"},"uagb_comment_info":0,"uagb_excerpt":"Pol\u00edticas del Sitio Web Precisi\u00f3n de la informaci\u00f3n y Traducci\u00f3n En Blue Peninsula ABA proporcionamos informaci\u00f3n en l\u00ednea para conveniencia del p\u00fablico. Aunque tratamos de mantener nuestra informaci\u00f3n en l\u00ednea de manera oportuna y precisa, podr\u00eda existir una demora en la actualizaci\u00f3n de nuestro sitio web despu\u00e9s de que ocurran cambios a las leyes. Traducimos&hellip;","_links":{"self":[{"href":"https:\/\/bluepeninsulaaba.com\/en\/wp-json\/wp\/v2\/pages\/2156","targetHints":{"allow":["GET"]}}],"collection":[{"href":"https:\/\/bluepeninsulaaba.com\/en\/wp-json\/wp\/v2\/pages"}],"about":[{"href":"https:\/\/bluepeninsulaaba.com\/en\/wp-json\/wp\/v2\/types\/page"}],"author":[{"embeddable":true,"href":"https:\/\/bluepeninsulaaba.com\/en\/wp-json\/wp\/v2\/users\/2"}],"replies":[{"embeddable":true,"href":"https:\/\/bluepeninsulaaba.com\/en\/wp-json\/wp\/v2\/comments?post=2156"}],"version-history":[{"count":34,"href":"https:\/\/bluepeninsulaaba.com\/en\/wp-json\/wp\/v2\/pages\/2156\/revisions"}],"predecessor-version":[{"id":4316,"href":"https:\/\/bluepeninsulaaba.com\/en\/wp-json\/wp\/v2\/pages\/2156\/revisions\/4316"}],"wp:attachment":[{"href":"https:\/\/bluepeninsulaaba.com\/en\/wp-json\/wp\/v2\/media?parent=2156"}],"curies":[{"name":"wp","href":"https:\/\/api.w.org\/{rel}","templated":true}]}}