{"id":2206,"date":"2023-08-15T11:43:30","date_gmt":"2023-08-15T16:43:30","guid":{"rendered":"https:\/\/bluepeninsulaaba.com\/?page_id=2206"},"modified":"2025-10-28T15:43:23","modified_gmt":"2025-10-28T20:43:23","slug":"nosotros","status":"publish","type":"page","link":"https:\/\/bluepeninsulaaba.com\/en\/nosotros\/","title":{"rendered":"About Us"},"content":{"rendered":"<div class=\"wp-block-uagb-container uagb-block-c30d2bc1 alignfull uagb-is-root-container\"><div class=\"uagb-container-inner-blocks-wrap\">\n<div class=\"wp-block-uagb-advanced-heading uagb-block-d36d6a21\"><h2 class=\"uagb-heading-text\"><em>Learn about our history, mission, vision and the values that make us unique.<\/em><\/h2><\/div>\n<\/div><\/div>\n\n\n\n<div class=\"wp-block-uagb-container uagb-block-0da573db alignfull uagb-is-root-container\"><div class=\"uagb-container-inner-blocks-wrap\">\n<div class=\"wp-block-uagb-container uagb-block-2865586d\">\n<div class=\"wp-block-uagb-advanced-heading uagb-block-ba4da98d\"><h6 class=\"uagb-heading-text\">About Us<\/h6><\/div>\n\n\n\n<div class=\"wp-block-uagb-advanced-heading uagb-block-06a7978d\"><h2 class=\"uagb-heading-text\"><strong><a href=\"https:\/\/bluepeninsulaaba.com\/en\/\">Blue Peninsula ABA Inc.<\/a><\/strong><\/h2><\/div>\n\n\n\n<div class=\"wp-block-uagb-advanced-heading uagb-block-c7daee56\"><p class=\"uagb-heading-text\">We are a clinic dedicated to the treatment of Autism Spectrum Disorder (ASD) and other developmental disorders, including learning delays, Attention Deficit Disorder (ADHD\/ADD), intellectual disabilities, challenging behaviors, and deficiencies regarding basic skills at each stage of development, among others.<br><br>At&nbsp;<strong>Blue Peninsula ABA<\/strong> <strong>Inc.<\/strong>&nbsp;we believe in our clients and our therapists, and in the science of Applied Behavior Analysis (ABA). We are a center with a valuable work team, with a high sense of belonging, who provides services under permanent supervision and continuous education programs, which allows us to offer the professional and personalized attention that our clients deserve.<\/p><\/div>\n<\/div>\n\n\n\n<div class=\"wp-block-uagb-container uagb-block-b1226dbd\">\n<div class=\"wp-block-uagb-container uagb-block-3128b67f\">\n<div class=\"wp-block-uagb-advanced-heading uagb-block-d001d2c0\"><h3 class=\"uagb-heading-text\">It is our commitment:<\/h3><\/div>\n\n\n\n<div class=\"wp-block-uagb-advanced-heading uagb-block-7310c2af\"><h4 class=\"uagb-heading-text\">Help you and your family to reflect and discover the uniqueness of our little ones, and to get involved in a therapeutic process that results in effective learning, sharing a value system that promotes compassion, acceptance, the right to be different, and to deserve a dignified and professional treatment.<\/h4><\/div>\n<\/div>\n<\/div>\n<\/div><\/div>\n\n\n\n<div class=\"wp-block-uagb-container uagb-block-44fead3b alignfull uagb-is-root-container\"><div class=\"uagb-container-inner-blocks-wrap\">\n<div class=\"wp-block-uagb-container uagb-block-f987cc83\">\n<div class=\"wp-block-uagb-advanced-heading uagb-block-94eb0bd4\"><h6 class=\"uagb-heading-text\">Why Choose Us<\/h6><\/div>\n\n\n\n<div class=\"wp-block-uagb-advanced-heading uagb-block-c3b57f34\"><h2 class=\"uagb-heading-text\"><strong>Mission<\/strong><\/h2><\/div>\n\n\n\n<div class=\"wp-block-uagb-container uagb-block-26fb3246\">\n<div class=\"wp-block-uagb-advanced-heading uagb-block-6b0232f1\"><p class=\"uagb-desc-text\">Guide, transform, and accompany our clients and their families through an interactive therapeutic process that will result in a significant and meaningful difference in their lives.<\/p><\/div>\n<\/div>\n<\/div>\n\n\n\n<div class=\"wp-block-uagb-container uagb-block-4e342fc4\">\n<div class=\"wp-block-uagb-advanced-heading uagb-block-4f1acf14\"><h6 class=\"uagb-heading-text\">Are you interested?<\/h6><\/div>\n\n\n\n<div class=\"wp-block-uagb-advanced-heading uagb-block-cd4933b0\"><h5 class=\"uagb-heading-text\"><em>Contact us and we will take the next step together.<\/em><\/h5><\/div>\n\n\n\n<div class=\"wp-block-uagb-buttons uagb-buttons__outer-wrap uagb-btn__default-btn uagb-btn-tablet__default-btn uagb-btn-mobile__default-btn uagb-block-076b45d8\"><div class=\"uagb-buttons__wrap uagb-buttons-layout-wrap\">\n<div class=\"wp-block-uagb-buttons-child uagb-buttons__outer-wrap uagb-block-ee6a32b7 wp-block-button\"><div class=\"uagb-button__wrapper\"><a class=\"uagb-buttons-repeater wp-block-button__link\" aria-label=\"\" href=\"https:\/\/bluepeninsulaaba.com\/en\/contact\/\" rel=\"follow noopener\" target=\"_self\" role=\"button\"><div class=\"uagb-button__link\">Contact Us<\/div><span class=\"uagb-button__icon uagb-button__icon-position-after\"><svg xmlns=\"https:\/\/www.w3.org\/2000\/svg\" viewbox=\"0 0 256 512\" aria-hidden=\"true\" focussable=\"false\"><path d=\"M64 448c-8.188 0-16.38-3.125-22.62-9.375c-12.5-12.5-12.5-32.75 0-45.25L178.8 256L41.38 118.6c-12.5-12.5-12.5-32.75 0-45.25s32.75-12.5 45.25 0l160 160c12.5 12.5 12.5 32.75 0 45.25l-160 160C80.38 444.9 72.19 448 64 448z\"><\/path><\/svg><\/span><\/a><\/div><\/div>\n<\/div><\/div>\n<\/div>\n<\/div><\/div>\n\n\n\n<div class=\"wp-block-uagb-container uagb-block-39430a36 alignfull uagb-is-root-container\"><div class=\"uagb-container-inner-blocks-wrap\">\n<div class=\"wp-block-uagb-container uagb-block-a7720a2d\">\n<div class=\"wp-block-uagb-advanced-heading uagb-block-783a34d8\"><h2 class=\"uagb-heading-text\"><strong><strong>Our Story<\/strong><\/strong><\/h2><div class=\"uagb-separator\"><\/div><\/div>\n<\/div>\n\n\n\n<div class=\"wp-block-uagb-container uagb-block-e4c0e9b0\">\n<div class=\"wp-block-uagb-advanced-heading uagb-block-10ddc824\"><h6 class=\"uagb-heading-text\">Have a Look At<\/h6><\/div>\n\n\n\n<div class=\"wp-block-uagb-advanced-heading uagb-block-a090282f\"><h2 class=\"uagb-heading-text\"><a href=\"https:\/\/bluepeninsulaaba.com\/en\/our-gallery\/\">Our Gallery<\/a><\/h2><\/div>\n<\/div>\n<\/div><\/div>\n\n\n\n<div class=\"wp-block-uagb-container uagb-block-6c184aed alignfull uagb-is-root-container\"><div class=\"uagb-container-inner-blocks-wrap\">\n<div class=\"wp-block-uagb-advanced-heading uagb-block-bd77e2d6\"><p class=\"uagb-desc-text\">Our story is what we write in the present while we embark on and enjoy this journey with our clients; our success comes from accompanying them in their growth and learning process. Being a part of their world is a privilege that we appreciate and value. Moreover, we do count on the experience of several long years working in the field of health. Living to serve is a philosophy that uniquely characterizes us beyond time.<\/p><\/div>\n<\/div><\/div>\n\n\n\n<div class=\"wp-block-uagb-container uagb-block-75a0dfdb alignfull uagb-is-root-container\"><div class=\"uagb-container-inner-blocks-wrap\">\n<div class=\"wp-block-uagb-advanced-heading uagb-block-574660ad\"><p class=\"uagb-heading-text\">If your son or daughter exhibits challenging behaviors, has delays in learning, language, or basic skills, exhibits sensory issues or repetitive behaviors, is withdrawn, or lacks appropriate and effective social skills, then it is highly recommended that they be evaluated immediately. Time is of the essence regarding ASD and other developmental disorders, and early intervention can make all the difference, and we are more than happy to offer guidance and assistance with the subsequent steps required.<\/p><\/div>\n\n\n\n<div class=\"wp-block-uagb-advanced-heading uagb-block-8dd2e7dd\"><p class=\"uagb-heading-text\">We know that this process can be overwhelming and that a diagnosis within the Autism spectrum can be distressing and difficult to accept. We also understand that the challenges ahead, after a diagnosis is confirmed, can sometimes seem insurmountable, but we can assure incoming families that we have the commitment, professional training, and experience to help. A healthy, enjoyable, and enthusiastic life is possible, and we are here to accompany you on this path of learning and growth.<\/p><\/div>\n<\/div><\/div>\n\n\n\n<div class=\"wp-block-uagb-container uagb-block-fe18f49d alignfull uagb-is-root-container\"><div class=\"uagb-container-inner-blocks-wrap\">\n<div class=\"wp-block-uagb-container uagb-block-6b05416f\">\n<div class=\"wp-block-uagb-advanced-heading uagb-block-746d3e81\"><h6 class=\"uagb-heading-text\">We make it easy<\/h6><\/div>\n\n\n\n<div class=\"wp-block-uagb-advanced-heading uagb-block-2f212afe\"><h2 class=\"uagb-heading-text\"><a href=\"https:\/\/bluepeninsulaaba.com\/en\/como-empezar\/\">How to get started with ABA services?<\/a><\/h2><div class=\"uagb-separator\"><\/div><\/div>\n<\/div>\n<\/div><\/div>\n\n\n\n<div class=\"wp-block-uagb-container uagb-block-c7780f13 alignfull uagb-is-root-container\"><div class=\"uagb-container-inner-blocks-wrap\">\n<div class=\"wp-block-uagb-container uagb-block-fbd5c044\">\n<div class=\"wp-block-uagb-advanced-heading uagb-block-b23be72d\"><h6 class=\"uagb-heading-text\">Why Choose Us<\/h6><\/div>\n\n\n\n<div class=\"wp-block-uagb-advanced-heading uagb-block-86d63000\"><h2 class=\"uagb-heading-text\"><strong>Vision<\/strong><\/h2><\/div>\n\n\n\n<div class=\"wp-block-uagb-container uagb-block-cb233ced\">\n<div class=\"wp-block-uagb-advanced-heading uagb-block-1c40334c\"><p class=\"uagb-desc-text\">To be a safe space inhabited by curious, diverse, and special learners who will always challenge us and help us accept all human dimensions and transcend as dedicated therapists and educators. Our commitment is to ensure that during the therapeutic process, we educate effectively, cultivate and promote compassion, gratitude, acceptance, the capacity for wonder, flexibility, freedom, love, and joy, to create a shared value system.<\/p><\/div>\n<\/div>\n<\/div>\n<\/div><\/div>\n\n\n\n<div class=\"wp-block-uagb-container uagb-block-b1f8e943 alignfull uagb-is-root-container\"><div class=\"uagb-container-inner-blocks-wrap\">\n<div class=\"wp-block-uagb-container uagb-block-6f6859f9 alignfull uagb-is-root-container\"><div class=\"uagb-container-inner-blocks-wrap\">\n<div class=\"wp-block-uagb-container uagb-block-cee6f0b8\">\n<div class=\"wp-block-uagb-advanced-heading uagb-block-3d3775bf\"><h5 class=\"uagb-heading-text\">Commitment<\/h5><\/div>\n\n\n\n<div class=\"wp-block-uagb-advanced-heading uagb-block-16c1114e\"><h6 class=\"uagb-heading-text\">Provide a nurturing and encouraging environment that fosters development and confidence.<\/h6><\/div>\n<\/div>\n\n\n\n<div class=\"wp-block-uagb-container uagb-block-1862f018\">\n<div class=\"wp-block-uagb-advanced-heading uagb-block-dc727bb1\"><h5 class=\"uagb-heading-text\">Trust<\/h5><\/div>\n\n\n\n<div class=\"wp-block-uagb-advanced-heading uagb-block-145c797c\"><h6 class=\"uagb-heading-text\">Achieve an environment that stimulates, challenges and promotes learning in an individualized way.<\/h6><\/div>\n<\/div>\n\n\n\n<div class=\"wp-block-uagb-container uagb-block-53817f7b\">\n<div class=\"wp-block-uagb-advanced-heading uagb-block-394e12ac\"><h5 class=\"uagb-heading-text\">Humanity<\/h5><\/div>\n\n\n\n<div class=\"wp-block-uagb-advanced-heading uagb-block-d9aab290\"><h6 class=\"uagb-heading-text\">Treat people with respect, dignity, confidentiality, loyalty and support.<\/h6><\/div>\n<\/div>\n\n\n\n<div class=\"wp-block-uagb-container uagb-block-912fc520\">\n<div class=\"wp-block-uagb-advanced-heading uagb-block-0b6d95b9\"><h5 class=\"uagb-heading-text\">Quality<\/h5><\/div>\n\n\n\n<div class=\"wp-block-uagb-advanced-heading uagb-block-9b3b7267\"><h6 class=\"uagb-heading-text\">To have quality as a goal and as a fundamental roadmap to success.<\/h6><\/div>\n<\/div>\n<\/div><\/div>\n\n\n\n<div class=\"wp-block-uagb-container uagb-block-a027df91 alignfull uagb-is-root-container\"><div class=\"uagb-container-inner-blocks-wrap\">\n<div class=\"wp-block-uagb-advanced-heading uagb-block-ddfa7b24\"><h6 class=\"uagb-heading-text\">Great staff<\/h6><\/div>\n\n\n\n<div class=\"wp-block-uagb-advanced-heading uagb-block-f95f2f90\"><h2 class=\"uagb-heading-text\">Our Team<\/h2><div class=\"uagb-separator\"><\/div><\/div>\n\n\n\n<div class=\"wp-block-uagb-advanced-heading uagb-block-a52dadc4\"><h5 class=\"uagb-heading-text\">Our team consists of Certified Office Assistants, Registered Behavior Technicians (RBT), Board Certified Assistant Behavior Analysts (BCaBA), Board Certified Behavior Analysts (BCBA), Licensed Mental Health Counselors (LMHC), as well as other professional technicians that we also consider within our team.<\/h5><\/div>\n<\/div><\/div>\n<\/div><\/div>","protected":false},"excerpt":{"rendered":"<p>Conozca nuestra historia, misi\u00f3n, visi\u00f3n y los valores que nos hacen \u00fanicos Nosotros Blue Peninsula ABA Inc. Somos una cl\u00ednica dedicada al tratamiento del trastorno del espectro autista (TEA) y otros trastornos del desarrollo, incluyendo retrasos en el aprendizaje, trastornos por d\u00e9ficit de atenci\u00f3n (TDAH\/TDA), discapacidades intelectuales, conductas desafiantes, carencia de habilidades b\u00e1sicas por cada [&hellip;]<\/p>\n","protected":false},"author":2,"featured_media":0,"parent":0,"menu_order":0,"comment_status":"closed","ping_status":"closed","template":"","meta":{"nf_dc_page":"","_uag_custom_page_level_css":"","site-sidebar-layout":"default","site-content-layout":"plain-container","ast-site-content-layout":"normal-width-container","site-content-style":"unboxed","site-sidebar-style":"unboxed","ast-global-header-display":"","ast-banner-title-visibility":"","ast-main-header-display":"","ast-hfb-above-header-display":"","ast-hfb-below-header-display":"","ast-hfb-mobile-header-display":"","site-post-title":"disabled","ast-breadcrumbs-content":"","ast-featured-img":"","footer-sml-layout":"","ast-disable-related-posts":"","theme-transparent-header-meta":"enabled","adv-header-id-meta":"","stick-header-meta":"","header-above-stick-meta":"","header-main-stick-meta":"","header-below-stick-meta":"","astra-migrate-meta-layouts":"set","ast-page-background-enabled":"default","ast-page-background-meta":{"desktop":{"background-color":"","background-image":"","background-repeat":"repeat","background-position":"center center","background-size":"auto","background-attachment":"scroll","background-type":"","background-media":"","overlay-type":"","overlay-color":"","overlay-opacity":"","overlay-gradient":""},"tablet":{"background-color":"","background-image":"","background-repeat":"repeat","background-position":"center center","background-size":"auto","background-attachment":"scroll","background-type":"","background-media":"","overlay-type":"","overlay-color":"","overlay-opacity":"","overlay-gradient":""},"mobile":{"background-color":"","background-image":"","background-repeat":"repeat","background-position":"center center","background-size":"auto","background-attachment":"scroll","background-type":"","background-media":"","overlay-type":"","overlay-color":"","overlay-opacity":"","overlay-gradient":""}},"ast-content-background-meta":{"desktop":{"background-color":"var(--ast-global-color-5)","background-image":"","background-repeat":"repeat","background-position":"center center","background-size":"auto","background-attachment":"scroll","background-type":"","background-media":"","overlay-type":"","overlay-color":"","overlay-opacity":"","overlay-gradient":""},"tablet":{"background-color":"var(--ast-global-color-5)","background-image":"","background-repeat":"repeat","background-position":"center center","background-size":"auto","background-attachment":"scroll","background-type":"","background-media":"","overlay-type":"","overlay-color":"","overlay-opacity":"","overlay-gradient":""},"mobile":{"background-color":"var(--ast-global-color-5)","background-image":"","background-repeat":"repeat","background-position":"center center","background-size":"auto","background-attachment":"scroll","background-type":"","background-media":"","overlay-type":"","overlay-color":"","overlay-opacity":"","overlay-gradient":""}},"footnotes":""},"class_list":["post-2206","page","type-page","status-publish","hentry"],"uagb_featured_image_src":{"full":false,"thumbnail":false,"medium":false,"medium_large":false,"large":false,"1536x1536":false,"2048x2048":false,"trp-custom-language-flag":false},"uagb_author_info":{"display_name":"WebMaster","author_link":"https:\/\/bluepeninsulaaba.com\/en\/author\/adailsm\/"},"uagb_comment_info":0,"uagb_excerpt":"Conozca nuestra historia, misi\u00f3n, visi\u00f3n y los valores que nos hacen \u00fanicos Nosotros Blue Peninsula ABA Inc. Somos una cl\u00ednica dedicada al tratamiento del trastorno del espectro autista (TEA) y otros trastornos del desarrollo, incluyendo retrasos en el aprendizaje, trastornos por d\u00e9ficit de atenci\u00f3n (TDAH\/TDA), discapacidades intelectuales, conductas desafiantes, carencia de habilidades b\u00e1sicas por cada&hellip;","_links":{"self":[{"href":"https:\/\/bluepeninsulaaba.com\/en\/wp-json\/wp\/v2\/pages\/2206","targetHints":{"allow":["GET"]}}],"collection":[{"href":"https:\/\/bluepeninsulaaba.com\/en\/wp-json\/wp\/v2\/pages"}],"about":[{"href":"https:\/\/bluepeninsulaaba.com\/en\/wp-json\/wp\/v2\/types\/page"}],"author":[{"embeddable":true,"href":"https:\/\/bluepeninsulaaba.com\/en\/wp-json\/wp\/v2\/users\/2"}],"replies":[{"embeddable":true,"href":"https:\/\/bluepeninsulaaba.com\/en\/wp-json\/wp\/v2\/comments?post=2206"}],"version-history":[{"count":18,"href":"https:\/\/bluepeninsulaaba.com\/en\/wp-json\/wp\/v2\/pages\/2206\/revisions"}],"predecessor-version":[{"id":4573,"href":"https:\/\/bluepeninsulaaba.com\/en\/wp-json\/wp\/v2\/pages\/2206\/revisions\/4573"}],"wp:attachment":[{"href":"https:\/\/bluepeninsulaaba.com\/en\/wp-json\/wp\/v2\/media?parent=2206"}],"curies":[{"name":"wp","href":"https:\/\/api.w.org\/{rel}","templated":true}]}}