{"id":3033,"date":"2023-10-06T13:30:05","date_gmt":"2023-10-06T18:30:05","guid":{"rendered":"https:\/\/bluepeninsulaaba.com\/?page_id=3033"},"modified":"2026-02-10T16:16:19","modified_gmt":"2026-02-10T21:16:19","slug":"applied-behavior-analysis-service","status":"publish","type":"page","link":"https:\/\/bluepeninsulaaba.com\/en\/applied-behavior-analysis-service\/","title":{"rendered":"Applied Behavior Analysis Service"},"content":{"rendered":"<div class=\"wp-block-uagb-container uagb-block-c30d2bc1 alignfull uagb-is-root-container\"><div class=\"uagb-container-inner-blocks-wrap\">\n<div class=\"wp-block-uagb-advanced-heading uagb-block-d36d6a21\"><h2 class=\"uagb-heading-text\"><em>We accompany our clients and their families in an interactive therapeutic process that is meaningful to their lives.<\/em><\/h2><\/div>\n<\/div><\/div>\n\n\n\n<div class=\"wp-block-uagb-container uagb-block-39430a36 alignfull uagb-is-root-container\"><div class=\"uagb-container-inner-blocks-wrap\">\n<div class=\"wp-block-uagb-container uagb-block-a7720a2d\">\n<div class=\"wp-block-uagb-advanced-heading uagb-block-783a34d8\"><h2 class=\"uagb-heading-text\">Applied Behavior Analysis (ABA) Service<\/h2><div class=\"uagb-separator\"><\/div><p class=\"uagb-desc-text\">ABA is widely accepted as an effective treatment to help people with autism spectrum disorder (ASD) and other developmental disorders. ABA has a proven and successful track record of developing communication and language in non-verbal children, improving academic performance, developing executive functions (Planning, Reasoning, Flexibility, Decision Making, etc.), increasing independence, acquiring and expanding social skills and reducing maladaptive behaviors, with long-term results and effects that can generalize across people and environments.<\/p><\/div>\n\n\n\n<div class=\"wp-block-uagb-advanced-heading uagb-block-a7ef057c\"><p class=\"uagb-desc-text\">Our ABA services focus on the following areas, to provide a personalized response to the medical needs of our learners:<\/p><\/div>\n\n\n\n<div class=\"wp-block-uagb-container uagb-block-a12b23b8 alignfull uagb-is-root-container\"><div class=\"uagb-container-inner-blocks-wrap\">\n<div class=\"wp-block-uagb-icon-list uagb-block-00199f39\"><div class=\"uagb-icon-list__wrap\">\n<div class=\"wp-block-uagb-icon-list-child uagb-block-c1d37f76\"><span class=\"uagb-icon-list__source-wrap\"><svg xmlns=\"https:\/\/www.w3.org\/2000\/svg\" viewbox=\"0 0 384 512\"><path d=\"M381.5 435.7l-160-384C216.6 39.78 204.9 32.01 192 32.01S167.4 39.78 162.5 51.7l-160 384c-6.797 16.31 .9062 35.05 17.22 41.84c16.38 6.828 35.08-.9219 41.84-17.22l31.8-76.31h197.3l31.8 76.31c5.109 12.28 17.02 19.7 29.55 19.7c4.094 0 8.266-.7969 12.3-2.484C380.6 470.7 388.3 452 381.5 435.7zM119.1 320L192 147.2l72 172.8H119.1z\"><\/path><\/svg><\/span><span class=\"uagb-icon-list__label\">Comprehensive evaluation of the child's learning needs and behavioral challenges as well as development of an intervention plan with the necessary therapeutic strategies and procedures.<\/span><\/div>\n\n\n\n<div class=\"wp-block-uagb-icon-list-child uagb-block-cacb3bce\"><span class=\"uagb-icon-list__source-wrap\"><svg xmlns=\"https:\/\/www.w3.org\/2000\/svg\" viewbox=\"0 0 320 512\"><path d=\"M257.1 242.4C276.1 220.1 288 191.6 288 160c0-70.58-57.42-128-128-128H32c-17.67 0-32 14.33-32 32v384c0 17.67 14.33 32 32 32l160-.0049c70.58 0 128-57.42 128-128C320 305.3 294.6 264.8 257.1 242.4zM64 96.01h96c35.3 0 64 28.7 64 64s-28.7 64-64 64H64V96.01zM192 416H64v-128h128c35.3 0 64 28.7 64 64S227.3 416 192 416z\"><\/path><\/svg><\/span><span class=\"uagb-icon-list__label\">Functional communication, teaching new skills, expression of wants and needs, development of social skills, play skills, self-help, and skills for the development of independent living.<\/span><\/div>\n\n\n\n<div class=\"wp-block-uagb-icon-list-child uagb-block-0c62d06f\"><span class=\"uagb-icon-list__source-wrap\"><svg xmlns=\"https:\/\/www.w3.org\/2000\/svg\" viewbox=\"0 0 384 512\"><path d=\"M352 359.8c22.46 0 31.1 19.53 31.1 31.99c0 23.14-66.96 88.23-164.5 88.23c-137.1 0-219.4-117.8-219.4-224c0-103.8 79.87-223.1 219.4-223.1c99.47 0 164.5 66.12 164.5 88.23c0 12.27-9.527 32.01-32.01 32.01c-31.32 0-45.8-56.25-132.5-56.25c-97.99 0-155.4 84.59-155.4 159.1c0 74.03 56.42 160 155.4 160C306.5 416 320.5 359.8 352 359.8z\"><\/path><\/svg><\/span><span class=\"uagb-icon-list__label\">Teaching skills, prerequisites for successful transition to the next stages of development.<\/span><\/div>\n\n\n\n<div class=\"wp-block-uagb-icon-list-child uagb-block-ae0f058f\"><span class=\"uagb-icon-list__source-wrap\"><svg xmlns=\"https:\/\/www.w3.org\/2000\/svg\" viewbox=\"0 0 384 512\"><path d=\"M160 32.01L32 32.01c-17.67 0-32 14.33-32 32v384c0 17.67 14.33 32 32 32l128-.0073c123.5 0 224-100.5 224-224S283.5 32.01 160 32.01zM160 416H64v-320h96c88.22 0 160 71.78 160 159.1S248.2 416 160 416z\"><\/path><\/svg><\/span><span class=\"uagb-icon-list__label\">Generalization of the acquired skills (e.g., generalization to other significant environments such as home, school and\/or the community, to other subjects such as family members, teachers, etc.).<\/span><\/div>\n\n\n\n<div class=\"wp-block-uagb-icon-list-child uagb-block-1ca64630\"><span class=\"uagb-icon-list__source-wrap\"><svg xmlns=\"https:\/\/www.w3.org\/2000\/svg\" viewbox=\"0 0 320 512\"><path d=\"M320 448c0 17.67-14.33 32-32 32H32c-17.67 0-32-14.33-32-32v-384C0 46.34 14.33 32.01 32 32.01h256c17.67 0 32 14.33 32 32s-14.33 32-32 32H64v128h160c17.67 0 32 14.32 32 31.99s-14.33 32.01-32 32.01H64v128h224C305.7 416 320 430.3 320 448z\"><\/path><\/svg><\/span><span class=\"uagb-icon-list__label\"> Replacing disruptive, problematic, or maladaptive behaviors (e.g. self-injury, tantrums, property destruction, etc.) with effective and socially appropriate skills.<\/span><\/div>\n<\/div><\/div>\n<\/div><\/div>\n<\/div>\n<\/div><\/div>\n\n\n\n<div class=\"wp-block-uagb-container uagb-block-017c5cde alignfull uagb-is-root-container\"><div class=\"uagb-container-inner-blocks-wrap\">\n<div class=\"wp-block-uagb-container uagb-block-f0713c3b\">\n<div class=\"wp-block-uagb-container uagb-block-c432fc6b\">\n<div class=\"wp-block-uagb-advanced-heading uagb-block-3e22b2cb\"><h3 class=\"uagb-heading-text\">Accepted Insurance<\/h3><div class=\"uagb-separator\"><\/div><\/div>\n\n\n\n<div class=\"wp-block-uagb-advanced-heading uagb-block-63cb95fd\"><p class=\"uagb-heading-text\">We're pleased to share that we accept most insurance plans to make it easier for you to access the help your loved ones need.<\/p><\/div>\n\n\n\n<div class=\"wp-block-uagb-advanced-heading uagb-block-d5028107\"><p class=\"uagb-heading-text\"><a href=\"https:\/\/bluepeninsulaaba.com\/en\/contact\/\"><strong>Contact Us<\/strong><\/a>&nbsp;and we will be happy to help you.<\/p><\/div>\n\n\n\n<div class=\"wp-block-uagb-advanced-heading uagb-block-07b822f6\"><p class=\"uagb-heading-text\">Email: abatherapy@bluepeninsulaaba.com<\/p><\/div>\n<\/div>\n\n\n\n<div class=\"wp-block-uagb-container uagb-block-fdf273b4\"><\/div>\n<\/div>\n<\/div><\/div>\n\n\n\n<div class=\"wp-block-uagb-container uagb-block-712f4688 alignfull uagb-is-root-container\"><div class=\"uagb-container-inner-blocks-wrap\">\n<div class=\"wp-block-uagb-container uagb-block-4ce01118\">\n<div class=\"wp-block-uagb-container uagb-block-c695f582\">\n<div class=\"wp-block-uagb-advanced-heading uagb-block-23f0c1d6\"><h4 class=\"uagb-heading-text\">We are pleased to share that now, in addition to home, school, and community, we offer ABA Therapy Services directly at our Center. <\/h4><\/div>\n\n\n\n<div class=\"wp-block-uagb-advanced-heading uagb-block-b3f48eb8\"><h4 class=\"uagb-heading-text\">New environment, new learning opportunities. <\/h4><\/div>\n<\/div>\n\n\n\n<div class=\"wp-block-uagb-container uagb-block-633f790a\"><\/div>\n<\/div>\n<\/div><\/div>\n\n\n\n<div class=\"wp-block-uagb-container uagb-block-cded9f52 alignfull uagb-is-root-container\"><div class=\"uagb-container-inner-blocks-wrap\">\n<div class=\"wp-block-uagb-container uagb-block-a89daabe\">\n<div class=\"wp-block-uagb-buttons uagb-buttons__outer-wrap uagb-btn__default-btn uagb-btn-tablet__default-btn uagb-btn-mobile__default-btn uagb-block-9262683f\"><div class=\"uagb-buttons__wrap uagb-buttons-layout-wrap\">\n<div class=\"wp-block-uagb-buttons-child uagb-buttons__outer-wrap uagb-block-0bb4e1f2 wp-block-button\"><div class=\"uagb-button__wrapper\"><a class=\"uagb-buttons-repeater wp-block-button__link\" aria-label=\"\" href=\"https:\/\/bluepeninsulaaba.com\/en\/aba-services\/\" rel=\"follow noopener\" target=\"_self\" role=\"button\"><div class=\"uagb-button__link\">SERVICES<\/div><span class=\"uagb-button__icon uagb-button__icon-position-after\"><svg xmlns=\"https:\/\/www.w3.org\/2000\/svg\" viewbox=\"0 0 256 512\" aria-hidden=\"true\" focussable=\"false\"><path d=\"M64 448c-8.188 0-16.38-3.125-22.62-9.375c-12.5-12.5-12.5-32.75 0-45.25L178.8 256L41.38 118.6c-12.5-12.5-12.5-32.75 0-45.25s32.75-12.5 45.25 0l160 160c12.5 12.5 12.5 32.75 0 45.25l-160 160C80.38 444.9 72.19 448 64 448z\"><\/path><\/svg><\/span><\/a><\/div><\/div>\n<\/div><\/div>\n<\/div>\n<\/div><\/div>\n\n\n\n<div class=\"wp-block-uagb-container uagb-block-fe18f49d alignfull uagb-is-root-container\"><div class=\"uagb-container-inner-blocks-wrap\">\n<div class=\"wp-block-uagb-container uagb-block-6b05416f\">\n<div class=\"wp-block-uagb-advanced-heading uagb-block-746d3e81\"><h6 class=\"uagb-heading-text\">We make it easy<\/h6><\/div>\n\n\n\n<div class=\"wp-block-uagb-advanced-heading uagb-block-2f212afe\"><h2 class=\"uagb-heading-text\"><a href=\"https:\/\/bluepeninsulaaba.com\/en\/como-empezar\/\">How to get started with ABA services?<\/a><\/h2><div class=\"uagb-separator\"><\/div><\/div>\n<\/div>\n<\/div><\/div>\n\n\n\n<div class=\"wp-block-uagb-container uagb-block-7f77e2d9 alignfull uagb-is-root-container\"><div class=\"uagb-container-inner-blocks-wrap\">\n<div class=\"wp-block-uagb-container uagb-block-bd9edf00\">\n<div class=\"wp-block-uagb-advanced-heading uagb-block-c0b7a6c2\"><h6 class=\"uagb-heading-text\">Are you interested?<\/h6><\/div>\n\n\n\n<div class=\"wp-block-uagb-advanced-heading uagb-block-c5838b94\"><h5 class=\"uagb-heading-text\"><em>Contact us and we will take the next step together.<\/em><\/h5><\/div>\n\n\n\n<div class=\"wp-block-uagb-buttons uagb-buttons__outer-wrap uagb-btn__default-btn uagb-btn-tablet__default-btn uagb-btn-mobile__default-btn uagb-block-105c3dc0\"><div class=\"uagb-buttons__wrap uagb-buttons-layout-wrap\">\n<div class=\"wp-block-uagb-buttons-child uagb-buttons__outer-wrap uagb-block-cef53de1 wp-block-button\"><div class=\"uagb-button__wrapper\"><a class=\"uagb-buttons-repeater wp-block-button__link\" aria-label=\"\" href=\"https:\/\/bluepeninsulaaba.com\/en\/contact\/\" rel=\"follow noopener\" target=\"_self\" role=\"button\"><div class=\"uagb-button__link\">Contact Us<\/div><span class=\"uagb-button__icon uagb-button__icon-position-after\"><svg xmlns=\"https:\/\/www.w3.org\/2000\/svg\" viewbox=\"0 0 256 512\" aria-hidden=\"true\" focussable=\"false\"><path d=\"M64 448c-8.188 0-16.38-3.125-22.62-9.375c-12.5-12.5-12.5-32.75 0-45.25L178.8 256L41.38 118.6c-12.5-12.5-12.5-32.75 0-45.25s32.75-12.5 45.25 0l160 160c12.5 12.5 12.5 32.75 0 45.25l-160 160C80.38 444.9 72.19 448 64 448z\"><\/path><\/svg><\/span><\/a><\/div><\/div>\n<\/div><\/div>\n<\/div>\n\n\n\n<div class=\"wp-block-uagb-container uagb-block-1d29e553\">\n<div class=\"wp-block-uagb-advanced-heading uagb-block-b7f661b5\"><h6 class=\"uagb-heading-text\">Contact Us<\/h6><\/div>\n\n\n\n<div class=\"wp-block-uagb-advanced-heading uagb-block-25b8a958\"><h6 class=\"uagb-heading-text\">Phones:<\/h6><\/div>\n\n\n\n<div class=\"wp-block-uagb-advanced-heading uagb-block-791d5aaa\"><h4 class=\"uagb-heading-text\">813-353-0706<\/h4><\/div>\n\n\n\n<div class=\"wp-block-uagb-advanced-heading uagb-block-a6e30560\"><h4 class=\"uagb-heading-text\">813-654-8707<\/h4><\/div>\n\n\n\n<div class=\"wp-block-uagb-advanced-heading uagb-block-292c5d9d\"><h6 class=\"uagb-heading-text\">Fax:<\/h6><\/div>\n\n\n\n<div class=\"wp-block-uagb-advanced-heading uagb-block-515cf0fd\"><h4 class=\"uagb-heading-text\">813-640-2153<\/h4><\/div>\n<\/div>\n\n\n\n<div class=\"wp-block-uagb-container uagb-block-b4a696d0\">\n<div class=\"wp-block-uagb-advanced-heading uagb-block-bbe33143\"><h6 class=\"uagb-heading-text\">Location<\/h6><\/div>\n\n\n\n<div class=\"wp-block-uagb-advanced-heading uagb-block-1637b05e\"><h5 class=\"uagb-heading-text\">4730 N Habana Ave, Suite 303, Tampa, Fl. 33614.<\/h5><\/div>\n<\/div>\n<\/div><\/div>","protected":false},"excerpt":{"rendered":"<p>Acompa\u00f1amos a nuestros clientes y sus familias en un proceso terap\u00e9utico interactivo que resulte significativo para sus vidas. Servicio de An\u00e1lisis Aplicado de Conducta (ABA) ABA es ampliamente aceptado como un tratamiento eficaz para ayudar a las personas con trastorno del espectro autista (TEA) y otros trastornos del desarrollo. ABA tiene un historial probado y [&hellip;]<\/p>\n","protected":false},"author":2,"featured_media":0,"parent":0,"menu_order":0,"comment_status":"closed","ping_status":"closed","template":"","meta":{"nf_dc_page":"","_uag_custom_page_level_css":"","site-sidebar-layout":"default","site-content-layout":"plain-container","ast-site-content-layout":"normal-width-container","site-content-style":"unboxed","site-sidebar-style":"unboxed","ast-global-header-display":"","ast-banner-title-visibility":"","ast-main-header-display":"","ast-hfb-above-header-display":"","ast-hfb-below-header-display":"","ast-hfb-mobile-header-display":"","site-post-title":"disabled","ast-breadcrumbs-content":"","ast-featured-img":"","footer-sml-layout":"","ast-disable-related-posts":"","theme-transparent-header-meta":"enabled","adv-header-id-meta":"","stick-header-meta":"","header-above-stick-meta":"","header-main-stick-meta":"","header-below-stick-meta":"","astra-migrate-meta-layouts":"set","ast-page-background-enabled":"default","ast-page-background-meta":{"desktop":{"background-color":"","background-image":"","background-repeat":"repeat","background-position":"center center","background-size":"auto","background-attachment":"scroll","background-type":"","background-media":"","overlay-type":"","overlay-color":"","overlay-opacity":"","overlay-gradient":""},"tablet":{"background-color":"","background-image":"","background-repeat":"repeat","background-position":"center center","background-size":"auto","background-attachment":"scroll","background-type":"","background-media":"","overlay-type":"","overlay-color":"","overlay-opacity":"","overlay-gradient":""},"mobile":{"background-color":"","background-image":"","background-repeat":"repeat","background-position":"center center","background-size":"auto","background-attachment":"scroll","background-type":"","background-media":"","overlay-type":"","overlay-color":"","overlay-opacity":"","overlay-gradient":""}},"ast-content-background-meta":{"desktop":{"background-color":"var(--ast-global-color-5)","background-image":"","background-repeat":"repeat","background-position":"center center","background-size":"auto","background-attachment":"scroll","background-type":"","background-media":"","overlay-type":"","overlay-color":"","overlay-opacity":"","overlay-gradient":""},"tablet":{"background-color":"var(--ast-global-color-5)","background-image":"","background-repeat":"repeat","background-position":"center center","background-size":"auto","background-attachment":"scroll","background-type":"","background-media":"","overlay-type":"","overlay-color":"","overlay-opacity":"","overlay-gradient":""},"mobile":{"background-color":"var(--ast-global-color-5)","background-image":"","background-repeat":"repeat","background-position":"center center","background-size":"auto","background-attachment":"scroll","background-type":"","background-media":"","overlay-type":"","overlay-color":"","overlay-opacity":"","overlay-gradient":""}},"footnotes":""},"class_list":["post-3033","page","type-page","status-publish","hentry"],"uagb_featured_image_src":{"full":false,"thumbnail":false,"medium":false,"medium_large":false,"large":false,"1536x1536":false,"2048x2048":false,"trp-custom-language-flag":false},"uagb_author_info":{"display_name":"WebMaster","author_link":"https:\/\/bluepeninsulaaba.com\/en\/author\/adailsm\/"},"uagb_comment_info":0,"uagb_excerpt":"Acompa\u00f1amos a nuestros clientes y sus familias en un proceso terap\u00e9utico interactivo que resulte significativo para sus vidas. Servicio de An\u00e1lisis Aplicado de Conducta (ABA) ABA es ampliamente aceptado como un tratamiento eficaz para ayudar a las personas con trastorno del espectro autista (TEA) y otros trastornos del desarrollo. ABA tiene un historial probado y&hellip;","_links":{"self":[{"href":"https:\/\/bluepeninsulaaba.com\/en\/wp-json\/wp\/v2\/pages\/3033","targetHints":{"allow":["GET"]}}],"collection":[{"href":"https:\/\/bluepeninsulaaba.com\/en\/wp-json\/wp\/v2\/pages"}],"about":[{"href":"https:\/\/bluepeninsulaaba.com\/en\/wp-json\/wp\/v2\/types\/page"}],"author":[{"embeddable":true,"href":"https:\/\/bluepeninsulaaba.com\/en\/wp-json\/wp\/v2\/users\/2"}],"replies":[{"embeddable":true,"href":"https:\/\/bluepeninsulaaba.com\/en\/wp-json\/wp\/v2\/comments?post=3033"}],"version-history":[{"count":22,"href":"https:\/\/bluepeninsulaaba.com\/en\/wp-json\/wp\/v2\/pages\/3033\/revisions"}],"predecessor-version":[{"id":4649,"href":"https:\/\/bluepeninsulaaba.com\/en\/wp-json\/wp\/v2\/pages\/3033\/revisions\/4649"}],"wp:attachment":[{"href":"https:\/\/bluepeninsulaaba.com\/en\/wp-json\/wp\/v2\/media?parent=3033"}],"curies":[{"name":"wp","href":"https:\/\/api.w.org\/{rel}","templated":true}]}}