{"id":3069,"date":"2023-10-06T14:36:42","date_gmt":"2023-10-06T19:36:42","guid":{"rendered":"https:\/\/bluepeninsulaaba.com\/?page_id=3069"},"modified":"2026-02-10T16:18:31","modified_gmt":"2026-02-10T21:18:31","slug":"evaluation","status":"publish","type":"page","link":"https:\/\/bluepeninsulaaba.com\/en\/evaluation\/","title":{"rendered":"Evaluation"},"content":{"rendered":"<div class=\"wp-block-uagb-container uagb-block-c30d2bc1 alignfull uagb-is-root-container\"><div class=\"uagb-container-inner-blocks-wrap\">\n<div class=\"wp-block-uagb-advanced-heading uagb-block-d36d6a21\"><h2 class=\"uagb-heading-text\"><em>We accompany our clients and their families in an interactive therapeutic process that is meaningful to their lives.<\/em><\/h2><\/div>\n<\/div><\/div>\n\n\n\n<div class=\"wp-block-uagb-container uagb-block-39430a36 alignfull uagb-is-root-container\"><div class=\"uagb-container-inner-blocks-wrap\">\n<div class=\"wp-block-uagb-container uagb-block-a7720a2d\">\n<div class=\"wp-block-uagb-advanced-heading uagb-block-783a34d8\"><h2 class=\"uagb-heading-text\">Evaluations<\/h2><div class=\"uagb-separator\"><\/div><p class=\"uagb-desc-text\">The evaluation service at <a href=\"https:\/\/bluepeninsulaaba.com\/en\/\"><strong>Blue Peninsula ABA Inc.<\/strong><\/a> includes the use of various research instruments such as tests, questionnaires, rating scales, interviews, etc. These are applied exhaustively to caregivers along with direct observation and other specific tests, which we perform on clients who require our service, to determine the degree of complexity of the present behaviors and the level of interference they have with the learning process, we define its topography and also identify and evaluate the needs in the communication and social area, the level of development through different categories, we identify the strengths and weaknesses of learners, we generate intervention strategies, develop effective skills programs, among many other activities related to this service to obtain optimal results in a reasonable time and making effective use of resources.<\/p><\/div>\n<\/div>\n<\/div><\/div>\n\n\n\n<div class=\"wp-block-uagb-container uagb-block-b899c854 alignfull uagb-is-root-container\"><div class=\"uagb-container-inner-blocks-wrap\">\n<div class=\"wp-block-uagb-container uagb-block-3beea63b\">\n<div class=\"wp-block-uagb-container uagb-block-c08a044f\">\n<div class=\"wp-block-uagb-advanced-heading uagb-block-b6f5f513\"><h3 class=\"uagb-heading-text\">Accepted Insurance<\/h3><div class=\"uagb-separator\"><\/div><\/div>\n\n\n\n<div class=\"wp-block-uagb-advanced-heading uagb-block-21e16a1d\"><p class=\"uagb-heading-text\">We're pleased to share that we accept most insurance plans to make it easier for you to access the help your loved ones need.<\/p><\/div>\n\n\n\n<div class=\"wp-block-uagb-advanced-heading uagb-block-7c55ce91\"><p class=\"uagb-heading-text\"><a href=\"https:\/\/bluepeninsulaaba.com\/en\/contact\/\"><strong>Contact Us<\/strong><\/a>&nbsp;and we will be happy to help you.<\/p><\/div>\n\n\n\n<div class=\"wp-block-uagb-advanced-heading uagb-block-07b822f6\"><p class=\"uagb-heading-text\">Email: abatherapy@bluepeninsulaaba.com<\/p><\/div>\n<\/div>\n\n\n\n<div class=\"wp-block-uagb-container uagb-block-e31b070f\"><\/div>\n<\/div>\n<\/div><\/div>\n\n\n\n<div class=\"wp-block-uagb-container uagb-block-712f4688 alignfull uagb-is-root-container\"><div class=\"uagb-container-inner-blocks-wrap\">\n<div class=\"wp-block-uagb-container uagb-block-4ce01118\">\n<div class=\"wp-block-uagb-container uagb-block-c695f582\">\n<div class=\"wp-block-uagb-advanced-heading uagb-block-23f0c1d6\"><h4 class=\"uagb-heading-text\">We are pleased to share that now, in addition to home, school, and community, we offer ABA Therapy Services directly at our Center. <\/h4><\/div>\n\n\n\n<div class=\"wp-block-uagb-advanced-heading uagb-block-b3f48eb8\"><h4 class=\"uagb-heading-text\">New environment, new learning opportunities. <\/h4><\/div>\n<\/div>\n\n\n\n<div class=\"wp-block-uagb-container uagb-block-633f790a\"><\/div>\n<\/div>\n<\/div><\/div>\n\n\n\n<div class=\"wp-block-uagb-container uagb-block-cded9f52 alignfull uagb-is-root-container\"><div class=\"uagb-container-inner-blocks-wrap\">\n<div class=\"wp-block-uagb-container uagb-block-a89daabe\">\n<div class=\"wp-block-uagb-buttons uagb-buttons__outer-wrap uagb-btn__default-btn uagb-btn-tablet__default-btn uagb-btn-mobile__default-btn uagb-block-9262683f\"><div class=\"uagb-buttons__wrap uagb-buttons-layout-wrap\">\n<div class=\"wp-block-uagb-buttons-child uagb-buttons__outer-wrap uagb-block-0bb4e1f2 wp-block-button\"><div class=\"uagb-button__wrapper\"><a class=\"uagb-buttons-repeater wp-block-button__link\" aria-label=\"\" href=\"https:\/\/bluepeninsulaaba.com\/en\/aba-services\/\" rel=\"follow noopener\" target=\"_self\" role=\"button\"><div class=\"uagb-button__link\">SERVICES<\/div><span class=\"uagb-button__icon uagb-button__icon-position-after\"><svg xmlns=\"https:\/\/www.w3.org\/2000\/svg\" viewbox=\"0 0 256 512\" aria-hidden=\"true\" focussable=\"false\"><path d=\"M64 448c-8.188 0-16.38-3.125-22.62-9.375c-12.5-12.5-12.5-32.75 0-45.25L178.8 256L41.38 118.6c-12.5-12.5-12.5-32.75 0-45.25s32.75-12.5 45.25 0l160 160c12.5 12.5 12.5 32.75 0 45.25l-160 160C80.38 444.9 72.19 448 64 448z\"><\/path><\/svg><\/span><\/a><\/div><\/div>\n<\/div><\/div>\n<\/div>\n<\/div><\/div>\n\n\n\n<div class=\"wp-block-uagb-container uagb-block-fe18f49d alignfull uagb-is-root-container\"><div class=\"uagb-container-inner-blocks-wrap\">\n<div class=\"wp-block-uagb-container uagb-block-6b05416f\">\n<div class=\"wp-block-uagb-advanced-heading uagb-block-746d3e81\"><h6 class=\"uagb-heading-text\">We make it easy<\/h6><\/div>\n\n\n\n<div class=\"wp-block-uagb-advanced-heading uagb-block-2f212afe\"><h2 class=\"uagb-heading-text\"><a href=\"https:\/\/bluepeninsulaaba.com\/en\/como-empezar\/\">How to get started with ABA services?<\/a><\/h2><div class=\"uagb-separator\"><\/div><\/div>\n<\/div>\n<\/div><\/div>\n\n\n\n<div class=\"wp-block-uagb-container uagb-block-7f77e2d9 alignfull uagb-is-root-container\"><div class=\"uagb-container-inner-blocks-wrap\">\n<div class=\"wp-block-uagb-container uagb-block-bd9edf00\">\n<div class=\"wp-block-uagb-advanced-heading uagb-block-c0b7a6c2\"><h6 class=\"uagb-heading-text\">Are you interested?<\/h6><\/div>\n\n\n\n<div class=\"wp-block-uagb-advanced-heading uagb-block-c5838b94\"><h5 class=\"uagb-heading-text\"><em>Contact us and we will take the next step together.<\/em><\/h5><\/div>\n\n\n\n<div class=\"wp-block-uagb-buttons uagb-buttons__outer-wrap uagb-btn__default-btn uagb-btn-tablet__default-btn uagb-btn-mobile__default-btn uagb-block-105c3dc0\"><div class=\"uagb-buttons__wrap uagb-buttons-layout-wrap\">\n<div class=\"wp-block-uagb-buttons-child uagb-buttons__outer-wrap uagb-block-cef53de1 wp-block-button\"><div class=\"uagb-button__wrapper\"><a class=\"uagb-buttons-repeater wp-block-button__link\" aria-label=\"\" href=\"https:\/\/bluepeninsulaaba.com\/en\/contact\/\" rel=\"follow noopener\" target=\"_self\" role=\"button\"><div class=\"uagb-button__link\">Contact Us<\/div><span class=\"uagb-button__icon uagb-button__icon-position-after\"><svg xmlns=\"https:\/\/www.w3.org\/2000\/svg\" viewbox=\"0 0 256 512\" aria-hidden=\"true\" focussable=\"false\"><path d=\"M64 448c-8.188 0-16.38-3.125-22.62-9.375c-12.5-12.5-12.5-32.75 0-45.25L178.8 256L41.38 118.6c-12.5-12.5-12.5-32.75 0-45.25s32.75-12.5 45.25 0l160 160c12.5 12.5 12.5 32.75 0 45.25l-160 160C80.38 444.9 72.19 448 64 448z\"><\/path><\/svg><\/span><\/a><\/div><\/div>\n<\/div><\/div>\n<\/div>\n\n\n\n<div class=\"wp-block-uagb-container uagb-block-1d29e553\">\n<div class=\"wp-block-uagb-advanced-heading uagb-block-b7f661b5\"><h6 class=\"uagb-heading-text\">Contact Us<\/h6><\/div>\n\n\n\n<div class=\"wp-block-uagb-advanced-heading uagb-block-25b8a958\"><h6 class=\"uagb-heading-text\">Phones:<\/h6><\/div>\n\n\n\n<div class=\"wp-block-uagb-advanced-heading uagb-block-791d5aaa\"><h4 class=\"uagb-heading-text\">813-353-0706<\/h4><\/div>\n\n\n\n<div class=\"wp-block-uagb-advanced-heading uagb-block-a6e30560\"><h4 class=\"uagb-heading-text\">813-654-8707<\/h4><\/div>\n\n\n\n<div class=\"wp-block-uagb-advanced-heading uagb-block-292c5d9d\"><h6 class=\"uagb-heading-text\">Fax:<\/h6><\/div>\n\n\n\n<div class=\"wp-block-uagb-advanced-heading uagb-block-515cf0fd\"><h4 class=\"uagb-heading-text\">813-640-2153<\/h4><\/div>\n<\/div>\n\n\n\n<div class=\"wp-block-uagb-container uagb-block-b4a696d0\">\n<div class=\"wp-block-uagb-advanced-heading uagb-block-bbe33143\"><h6 class=\"uagb-heading-text\">Location<\/h6><\/div>\n\n\n\n<div class=\"wp-block-uagb-advanced-heading uagb-block-1637b05e\"><h5 class=\"uagb-heading-text\">4730 N Habana Ave, Suite 303, Tampa, Fl. 33614.<\/h5><\/div>\n<\/div>\n<\/div><\/div>","protected":false},"excerpt":{"rendered":"<p>Acompa\u00f1amos a nuestros clientes y sus familias en un proceso terap\u00e9utico interactivo que resulte significativo para sus vidas. Evaluaciones El servicio de evaluaci\u00f3n en Blue Peninsula ABA Inc. incluye el uso de diversos instrumentos de investigaci\u00f3n como tests, cuestionarios, escalas de valoraci\u00f3n, entrevistas, etc. Estos se aplican de forma exhaustiva a los cuidadores junto con [&hellip;]<\/p>\n","protected":false},"author":2,"featured_media":0,"parent":0,"menu_order":0,"comment_status":"closed","ping_status":"closed","template":"","meta":{"nf_dc_page":"","_uag_custom_page_level_css":"","site-sidebar-layout":"default","site-content-layout":"plain-container","ast-site-content-layout":"normal-width-container","site-content-style":"unboxed","site-sidebar-style":"unboxed","ast-global-header-display":"","ast-banner-title-visibility":"","ast-main-header-display":"","ast-hfb-above-header-display":"","ast-hfb-below-header-display":"","ast-hfb-mobile-header-display":"","site-post-title":"disabled","ast-breadcrumbs-content":"","ast-featured-img":"","footer-sml-layout":"","ast-disable-related-posts":"","theme-transparent-header-meta":"enabled","adv-header-id-meta":"","stick-header-meta":"","header-above-stick-meta":"","header-main-stick-meta":"","header-below-stick-meta":"","astra-migrate-meta-layouts":"set","ast-page-background-enabled":"default","ast-page-background-meta":{"desktop":{"background-color":"","background-image":"","background-repeat":"repeat","background-position":"center center","background-size":"auto","background-attachment":"scroll","background-type":"","background-media":"","overlay-type":"","overlay-color":"","overlay-opacity":"","overlay-gradient":""},"tablet":{"background-color":"","background-image":"","background-repeat":"repeat","background-position":"center center","background-size":"auto","background-attachment":"scroll","background-type":"","background-media":"","overlay-type":"","overlay-color":"","overlay-opacity":"","overlay-gradient":""},"mobile":{"background-color":"","background-image":"","background-repeat":"repeat","background-position":"center center","background-size":"auto","background-attachment":"scroll","background-type":"","background-media":"","overlay-type":"","overlay-color":"","overlay-opacity":"","overlay-gradient":""}},"ast-content-background-meta":{"desktop":{"background-color":"var(--ast-global-color-5)","background-image":"","background-repeat":"repeat","background-position":"center center","background-size":"auto","background-attachment":"scroll","background-type":"","background-media":"","overlay-type":"","overlay-color":"","overlay-opacity":"","overlay-gradient":""},"tablet":{"background-color":"var(--ast-global-color-5)","background-image":"","background-repeat":"repeat","background-position":"center center","background-size":"auto","background-attachment":"scroll","background-type":"","background-media":"","overlay-type":"","overlay-color":"","overlay-opacity":"","overlay-gradient":""},"mobile":{"background-color":"var(--ast-global-color-5)","background-image":"","background-repeat":"repeat","background-position":"center center","background-size":"auto","background-attachment":"scroll","background-type":"","background-media":"","overlay-type":"","overlay-color":"","overlay-opacity":"","overlay-gradient":""}},"footnotes":""},"class_list":["post-3069","page","type-page","status-publish","hentry"],"uagb_featured_image_src":{"full":false,"thumbnail":false,"medium":false,"medium_large":false,"large":false,"1536x1536":false,"2048x2048":false,"trp-custom-language-flag":false},"uagb_author_info":{"display_name":"WebMaster","author_link":"https:\/\/bluepeninsulaaba.com\/en\/author\/adailsm\/"},"uagb_comment_info":0,"uagb_excerpt":"Acompa\u00f1amos a nuestros clientes y sus familias en un proceso terap\u00e9utico interactivo que resulte significativo para sus vidas. Evaluaciones El servicio de evaluaci\u00f3n en Blue Peninsula ABA Inc. incluye el uso de diversos instrumentos de investigaci\u00f3n como tests, cuestionarios, escalas de valoraci\u00f3n, entrevistas, etc. Estos se aplican de forma exhaustiva a los cuidadores junto con&hellip;","_links":{"self":[{"href":"https:\/\/bluepeninsulaaba.com\/en\/wp-json\/wp\/v2\/pages\/3069","targetHints":{"allow":["GET"]}}],"collection":[{"href":"https:\/\/bluepeninsulaaba.com\/en\/wp-json\/wp\/v2\/pages"}],"about":[{"href":"https:\/\/bluepeninsulaaba.com\/en\/wp-json\/wp\/v2\/types\/page"}],"author":[{"embeddable":true,"href":"https:\/\/bluepeninsulaaba.com\/en\/wp-json\/wp\/v2\/users\/2"}],"replies":[{"embeddable":true,"href":"https:\/\/bluepeninsulaaba.com\/en\/wp-json\/wp\/v2\/comments?post=3069"}],"version-history":[{"count":21,"href":"https:\/\/bluepeninsulaaba.com\/en\/wp-json\/wp\/v2\/pages\/3069\/revisions"}],"predecessor-version":[{"id":4650,"href":"https:\/\/bluepeninsulaaba.com\/en\/wp-json\/wp\/v2\/pages\/3069\/revisions\/4650"}],"wp:attachment":[{"href":"https:\/\/bluepeninsulaaba.com\/en\/wp-json\/wp\/v2\/media?parent=3069"}],"curies":[{"name":"wp","href":"https:\/\/api.w.org\/{rel}","templated":true}]}}