{"id":3430,"date":"2023-10-15T10:25:56","date_gmt":"2023-10-15T15:25:56","guid":{"rendered":"https:\/\/bluepeninsulaaba.com\/?page_id=3430"},"modified":"2026-02-10T16:18:45","modified_gmt":"2026-02-10T21:18:45","slug":"recursos","status":"publish","type":"page","link":"https:\/\/bluepeninsulaaba.com\/en\/recursos\/","title":{"rendered":"Resources"},"content":{"rendered":"<div class=\"wp-block-uagb-container uagb-block-c30d2bc1 alignfull uagb-is-root-container\"><div class=\"uagb-container-inner-blocks-wrap\">\n<div class=\"wp-block-uagb-advanced-heading uagb-block-d36d6a21\"><h2 class=\"uagb-heading-text\"><em>Resources<\/em><\/h2><\/div>\n<\/div><\/div>\n\n\n\n<div class=\"wp-block-uagb-container uagb-block-e4a7803d alignfull uagb-is-root-container\"><div class=\"uagb-container-inner-blocks-wrap\">\n<div class=\"wp-block-uagb-container uagb-block-3a83a98c alignfull uagb-is-root-container\"><div class=\"uagb-container-inner-blocks-wrap\">\n<div class=\"wp-block-uagb-container uagb-block-387cbb5c\">\n<div class=\"wp-block-uagb-info-box uagb-block-2cf4a7a8 uagb-infobox__content-wrap  uagb-infobox-icon-above-title uagb-infobox-image-valign-top\"><div class=\"uagb-ifb-content\"><div class=\"uagb-ifb-title-wrap\"><h3 class=\"uagb-ifb-title\"><a href=\"https:\/\/bluepeninsulaaba.com\/en\/faq\/\">Frequently Asked Questions<\/a><\/h3><\/div><p class=\"uagb-ifb-desc\">We know you have questions about ABA therapies and how they can help you gain skills to help your children or the children in your care. You can also consult our <strong><a href=\"https:\/\/bluepeninsulaaba.com\/en\/terminos-definiciones\/\">Glossary of ABA<\/a> <\/strong>for more information about the terms you see on this site.<br>If you do not see the answer to your question here, <strong><a href=\"https:\/\/bluepeninsulaaba.com\/en\/contact\/\" data-type=\"link\" data-id=\"https:\/\/bluepeninsulaaba.com\/contact\/\">contact us<\/a> <\/strong>and we will be happy to help you.<\/p><div class=\"uagb-ifb-button-wrapper wp-block-button\"><a href=\"https:\/\/bluepeninsulaaba.com\/en\/faq\/\" target=\"_self\" onclick=\"return true;\" class=\"uagb-infobox-cta-link\" rel=\"noopener noreferrer\"><span class=\"uagb-inline-editing\">Read More<\/span><svg xmlns=\"https:\/\/www.w3.org\/2000\/svg\" viewbox=\"0 0 512 512\"><path d=\"M96 480h64C177.7 480 192 465.7 192 448S177.7 416 160 416H96c-17.67 0-32-14.33-32-32V128c0-17.67 14.33-32 32-32h64C177.7 96 192 81.67 192 64S177.7 32 160 32H96C42.98 32 0 74.98 0 128v256C0 437 42.98 480 96 480zM504.8 238.5l-144.1-136c-6.975-6.578-17.2-8.375-26-4.594c-8.803 3.797-14.51 12.47-14.51 22.05l-.0918 72l-128-.001c-17.69 0-32.02 14.33-32.02 32v64c0 17.67 14.34 32 32.02 32l128 .001l.0918 71.1c0 9.578 5.707 18.25 14.51 22.05c8.803 3.781 19.03 1.984 26-4.594l144.1-136C514.4 264.4 514.4 247.6 504.8 238.5z\"><\/path><\/svg><\/a><\/div><\/div><\/div>\n<\/div>\n\n\n\n<div class=\"wp-block-uagb-container uagb-block-f07f5cad\">\n<div class=\"wp-block-uagb-info-box uagb-block-82d7ec3c uagb-infobox__content-wrap  uagb-infobox-icon-above-title uagb-infobox-image-valign-top\"><div class=\"uagb-ifb-content\"><div class=\"uagb-ifb-title-wrap\"><h3 class=\"uagb-ifb-title\"><a href=\"https:\/\/bluepeninsulaaba.com\/en\/terminos-definiciones\/\">Glossary of ABA Terminology<\/a><\/h3><\/div><p class=\"uagb-ifb-desc\">Proporcionamos&nbsp;un glosario completo&nbsp;de t\u00e9rminos&nbsp;para todos aquellos que se inician nuevos en ABA. Nos damos cuenta de que&nbsp;hemos utilizado cierta terminolog\u00eda con la&nbsp;que&nbsp;quiz\u00e1s no&nbsp;todos&nbsp;est\u00e9n familiarizados, por lo&nbsp;que esperamos que esto&nbsp;ayude. <br>However, if you have any doubts, <strong><a href=\"https:\/\/bluepeninsulaaba.com\/en\/contact\/\" data-type=\"link\" data-id=\"https:\/\/bluepeninsulaaba.com\/contact\">contact us<\/a><\/strong>&nbsp;and we will be happy to help you.<\/p><div class=\"uagb-ifb-button-wrapper wp-block-button\"><a href=\"https:\/\/bluepeninsulaaba.com\/en\/terminos-definiciones\/\" target=\"_self\" onclick=\"return true;\" class=\"uagb-infobox-cta-link\" rel=\"noopener noreferrer\"><span class=\"uagb-inline-editing\">Read More<\/span><svg xmlns=\"https:\/\/www.w3.org\/2000\/svg\" viewbox=\"0 0 512 512\"><path d=\"M344.7 238.5l-144.1-136C193.7 95.97 183.4 94.17 174.6 97.95C165.8 101.8 160.1 110.4 160.1 120V192H32.02C14.33 192 0 206.3 0 224v64c0 17.68 14.33 32 32.02 32h128.1v72c0 9.578 5.707 18.25 14.51 22.05c8.803 3.781 19.03 1.984 26-4.594l144.1-136C354.3 264.4 354.3 247.6 344.7 238.5zM416 32h-64c-17.67 0-32 14.33-32 32s14.33 32 32 32h64c17.67 0 32 14.33 32 32v256c0 17.67-14.33 32-32 32h-64c-17.67 0-32 14.33-32 32s14.33 32 32 32h64c53.02 0 96-42.98 96-96V128C512 74.98 469 32 416 32z\"><\/path><\/svg><\/a><\/div><\/div><\/div>\n<\/div>\n<\/div><\/div>\n<\/div><\/div>\n\n\n\n<div class=\"wp-block-uagb-container uagb-block-6c3a1c9e alignfull uagb-is-root-container\"><div class=\"uagb-container-inner-blocks-wrap\">\n<div class=\"wp-block-uagb-container uagb-block-1f250f71\">\n<div class=\"wp-block-uagb-container uagb-block-527765a3\">\n<div class=\"wp-block-uagb-advanced-heading uagb-block-c3c32216\"><h3 class=\"uagb-heading-text\">Accepted Insurance<\/h3><div class=\"uagb-separator\"><\/div><\/div>\n\n\n\n<div class=\"wp-block-uagb-advanced-heading uagb-block-8bf253c6\"><p class=\"uagb-heading-text\">We're pleased to share that we accept most insurance plans to make it easier for you to access the help your loved ones need.<\/p><\/div>\n\n\n\n<div class=\"wp-block-uagb-advanced-heading uagb-block-5ec1e33b\"><p class=\"uagb-heading-text\"><a href=\"https:\/\/bluepeninsulaaba.com\/en\/contact\/\"><strong>Contact Us<\/strong><\/a>&nbsp;and we will be happy to help you.<\/p><\/div>\n\n\n\n<div class=\"wp-block-uagb-advanced-heading uagb-block-07b822f6\"><p class=\"uagb-heading-text\">Email: abatherapy@bluepeninsulaaba.com<\/p><\/div>\n<\/div>\n\n\n\n<div class=\"wp-block-uagb-container uagb-block-8a8078b3\"><\/div>\n<\/div>\n<\/div><\/div>\n\n\n\n<div class=\"wp-block-uagb-container uagb-block-7f77e2d9 alignfull uagb-is-root-container\"><div class=\"uagb-container-inner-blocks-wrap\">\n<div class=\"wp-block-uagb-container uagb-block-bd9edf00\">\n<div class=\"wp-block-uagb-advanced-heading uagb-block-c0b7a6c2\"><h6 class=\"uagb-heading-text\">Are you interested?<\/h6><\/div>\n\n\n\n<div class=\"wp-block-uagb-advanced-heading uagb-block-c5838b94\"><h5 class=\"uagb-heading-text\"><em>Contact us and we will take the next step together.<\/em><\/h5><\/div>\n\n\n\n<div class=\"wp-block-uagb-buttons uagb-buttons__outer-wrap uagb-btn__default-btn uagb-btn-tablet__default-btn uagb-btn-mobile__default-btn uagb-block-105c3dc0\"><div class=\"uagb-buttons__wrap uagb-buttons-layout-wrap\">\n<div class=\"wp-block-uagb-buttons-child uagb-buttons__outer-wrap uagb-block-cef53de1 wp-block-button\"><div class=\"uagb-button__wrapper\"><a class=\"uagb-buttons-repeater wp-block-button__link\" aria-label=\"\" href=\"https:\/\/bluepeninsulaaba.com\/en\/contact\/\" rel=\"follow noopener\" target=\"_self\" role=\"button\"><div class=\"uagb-button__link\">Contact Us<\/div><span class=\"uagb-button__icon uagb-button__icon-position-after\"><svg xmlns=\"https:\/\/www.w3.org\/2000\/svg\" viewbox=\"0 0 256 512\" aria-hidden=\"true\" focussable=\"false\"><path d=\"M64 448c-8.188 0-16.38-3.125-22.62-9.375c-12.5-12.5-12.5-32.75 0-45.25L178.8 256L41.38 118.6c-12.5-12.5-12.5-32.75 0-45.25s32.75-12.5 45.25 0l160 160c12.5 12.5 12.5 32.75 0 45.25l-160 160C80.38 444.9 72.19 448 64 448z\"><\/path><\/svg><\/span><\/a><\/div><\/div>\n<\/div><\/div>\n<\/div>\n\n\n\n<div class=\"wp-block-uagb-container uagb-block-1d29e553\">\n<div class=\"wp-block-uagb-advanced-heading uagb-block-b7f661b5\"><h6 class=\"uagb-heading-text\">Contact Us<\/h6><\/div>\n\n\n\n<div class=\"wp-block-uagb-advanced-heading uagb-block-25b8a958\"><h6 class=\"uagb-heading-text\">Phones:<\/h6><\/div>\n\n\n\n<div class=\"wp-block-uagb-advanced-heading uagb-block-791d5aaa\"><h4 class=\"uagb-heading-text\">813-353-0706<\/h4><\/div>\n\n\n\n<div class=\"wp-block-uagb-advanced-heading uagb-block-a6e30560\"><h4 class=\"uagb-heading-text\">813-654-8707<\/h4><\/div>\n\n\n\n<div class=\"wp-block-uagb-advanced-heading uagb-block-292c5d9d\"><h6 class=\"uagb-heading-text\">Fax:<\/h6><\/div>\n\n\n\n<div class=\"wp-block-uagb-advanced-heading uagb-block-515cf0fd\"><h4 class=\"uagb-heading-text\">813-640-2153<\/h4><\/div>\n<\/div>\n\n\n\n<div class=\"wp-block-uagb-container uagb-block-b4a696d0\">\n<div class=\"wp-block-uagb-advanced-heading uagb-block-bbe33143\"><h6 class=\"uagb-heading-text\">Location<\/h6><\/div>\n\n\n\n<div class=\"wp-block-uagb-advanced-heading uagb-block-1637b05e\"><h5 class=\"uagb-heading-text\">4730 N Habana Ave, Suite 303, Tampa, Fl. 33614.<\/h5><\/div>\n<\/div>\n<\/div><\/div>","protected":false},"excerpt":{"rendered":"<p>Recursos Seguros Aceptados Nos complace compartir que aceptamos la mayor\u00eda de los planes de seguro para facilitarle el acceso a la ayuda que necesitan sus seres queridos. Cont\u00e1ctenos&nbsp;y estaremos encantados de ayudarle. Email: abatherapy@bluepeninsulaaba.com \u00bfEst\u00e1s Interesado? Cont\u00e1ctenos y el pr\u00f3ximo paso lo damos juntos. Cont\u00e1ctenos Tel\u00e9fonos: 813-353-0706 813-654-8707 Fax: 813-640-2153 Radicamos en 4730 N Habana [&hellip;]<\/p>\n","protected":false},"author":2,"featured_media":0,"parent":0,"menu_order":0,"comment_status":"closed","ping_status":"closed","template":"","meta":{"nf_dc_page":"","_uag_custom_page_level_css":"","site-sidebar-layout":"default","site-content-layout":"plain-container","ast-site-content-layout":"normal-width-container","site-content-style":"unboxed","site-sidebar-style":"unboxed","ast-global-header-display":"","ast-banner-title-visibility":"","ast-main-header-display":"","ast-hfb-above-header-display":"","ast-hfb-below-header-display":"","ast-hfb-mobile-header-display":"","site-post-title":"disabled","ast-breadcrumbs-content":"","ast-featured-img":"","footer-sml-layout":"","ast-disable-related-posts":"","theme-transparent-header-meta":"enabled","adv-header-id-meta":"","stick-header-meta":"","header-above-stick-meta":"","header-main-stick-meta":"","header-below-stick-meta":"","astra-migrate-meta-layouts":"set","ast-page-background-enabled":"default","ast-page-background-meta":{"desktop":{"background-color":"","background-image":"","background-repeat":"repeat","background-position":"center center","background-size":"auto","background-attachment":"scroll","background-type":"","background-media":"","overlay-type":"","overlay-color":"","overlay-opacity":"","overlay-gradient":""},"tablet":{"background-color":"","background-image":"","background-repeat":"repeat","background-position":"center center","background-size":"auto","background-attachment":"scroll","background-type":"","background-media":"","overlay-type":"","overlay-color":"","overlay-opacity":"","overlay-gradient":""},"mobile":{"background-color":"","background-image":"","background-repeat":"repeat","background-position":"center center","background-size":"auto","background-attachment":"scroll","background-type":"","background-media":"","overlay-type":"","overlay-color":"","overlay-opacity":"","overlay-gradient":""}},"ast-content-background-meta":{"desktop":{"background-color":"var(--ast-global-color-5)","background-image":"","background-repeat":"repeat","background-position":"center center","background-size":"auto","background-attachment":"scroll","background-type":"","background-media":"","overlay-type":"","overlay-color":"","overlay-opacity":"","overlay-gradient":""},"tablet":{"background-color":"var(--ast-global-color-5)","background-image":"","background-repeat":"repeat","background-position":"center center","background-size":"auto","background-attachment":"scroll","background-type":"","background-media":"","overlay-type":"","overlay-color":"","overlay-opacity":"","overlay-gradient":""},"mobile":{"background-color":"var(--ast-global-color-5)","background-image":"","background-repeat":"repeat","background-position":"center center","background-size":"auto","background-attachment":"scroll","background-type":"","background-media":"","overlay-type":"","overlay-color":"","overlay-opacity":"","overlay-gradient":""}},"footnotes":""},"class_list":["post-3430","page","type-page","status-publish","hentry"],"uagb_featured_image_src":{"full":false,"thumbnail":false,"medium":false,"medium_large":false,"large":false,"1536x1536":false,"2048x2048":false,"trp-custom-language-flag":false},"uagb_author_info":{"display_name":"WebMaster","author_link":"https:\/\/bluepeninsulaaba.com\/en\/author\/adailsm\/"},"uagb_comment_info":0,"uagb_excerpt":"Recursos Seguros Aceptados Nos complace compartir que aceptamos la mayor\u00eda de los planes de seguro para facilitarle el acceso a la ayuda que necesitan sus seres queridos. Cont\u00e1ctenos&nbsp;y estaremos encantados de ayudarle. Email: abatherapy@bluepeninsulaaba.com \u00bfEst\u00e1s Interesado? Cont\u00e1ctenos y el pr\u00f3ximo paso lo damos juntos. Cont\u00e1ctenos Tel\u00e9fonos: 813-353-0706 813-654-8707 Fax: 813-640-2153 Radicamos en 4730 N Habana&hellip;","_links":{"self":[{"href":"https:\/\/bluepeninsulaaba.com\/en\/wp-json\/wp\/v2\/pages\/3430","targetHints":{"allow":["GET"]}}],"collection":[{"href":"https:\/\/bluepeninsulaaba.com\/en\/wp-json\/wp\/v2\/pages"}],"about":[{"href":"https:\/\/bluepeninsulaaba.com\/en\/wp-json\/wp\/v2\/types\/page"}],"author":[{"embeddable":true,"href":"https:\/\/bluepeninsulaaba.com\/en\/wp-json\/wp\/v2\/users\/2"}],"replies":[{"embeddable":true,"href":"https:\/\/bluepeninsulaaba.com\/en\/wp-json\/wp\/v2\/comments?post=3430"}],"version-history":[{"count":18,"href":"https:\/\/bluepeninsulaaba.com\/en\/wp-json\/wp\/v2\/pages\/3430\/revisions"}],"predecessor-version":[{"id":4651,"href":"https:\/\/bluepeninsulaaba.com\/en\/wp-json\/wp\/v2\/pages\/3430\/revisions\/4651"}],"wp:attachment":[{"href":"https:\/\/bluepeninsulaaba.com\/en\/wp-json\/wp\/v2\/media?parent=3430"}],"curies":[{"name":"wp","href":"https:\/\/api.w.org\/{rel}","templated":true}]}}